{"id":77246,"date":"2024-07-15T11:51:13","date_gmt":"2024-07-15T09:51:13","guid":{"rendered":"https:\/\/safeblood.nl\/?page_id=77246"},"modified":"2024-09-26T12:40:39","modified_gmt":"2024-09-26T10:40:39","slug":"cuidados-preventivos","status":"publish","type":"page","link":"https:\/\/safeblood.nl\/pt-pt\/cuidados-preventivos\/","title":{"rendered":"Cuidados Preventivos"},"content":{"rendered":"[vc_row type=&#8221;in_container&#8221; full_screen_row_position=&#8221;middle&#8221; column_margin=&#8221;default&#8221; column_direction=&#8221;default&#8221; column_direction_tablet=&#8221;default&#8221; column_direction_phone=&#8221;default&#8221; scene_position=&#8221;center&#8221; text_color=&#8221;dark&#8221; text_align=&#8221;left&#8221; row_border_radius=&#8221;none&#8221; row_border_radius_applies=&#8221;bg&#8221; overlay_strength=&#8221;0.3&#8243; gradient_direction=&#8221;left_to_right&#8221; shape_divider_position=&#8221;bottom&#8221; bg_image_animation=&#8221;none&#8221;][vc_column column_padding=&#8221;no-extra-padding&#8221; column_padding_tablet=&#8221;inherit&#8221; column_padding_phone=&#8221;inherit&#8221; column_padding_position=&#8221;all&#8221; column_element_spacing=&#8221;default&#8221; background_color_opacity=&#8221;1&#8243; background_hover_color_opacity=&#8221;1&#8243; column_shadow=&#8221;none&#8221; column_border_radius=&#8221;none&#8221; column_link_target=&#8221;_self&#8221; gradient_direction=&#8221;left_to_right&#8221; overlay_strength=&#8221;0.3&#8243; width=&#8221;1\/1&#8243; tablet_width_inherit=&#8221;default&#8221; tablet_text_alignment=&#8221;default&#8221; phone_text_alignment=&#8221;default&#8221; bg_image_animation=&#8221;none&#8221; border_type=&#8221;simple&#8221; column_border_width=&#8221;none&#8221; column_border_style=&#8221;solid&#8221;][vc_column_text css=&#8221;.vc_custom_1721036606061{margin-top: -50px !important;}&#8221;]\n<h1 style=\"text-align: center;\"><strong>Cuidados Preventivos<\/strong><\/h1>\n[\/vc_column_text][\/vc_column][\/vc_row][vc_row type=&#8221;in_container&#8221; full_screen_row_position=&#8221;middle&#8221; column_margin=&#8221;default&#8221; column_direction=&#8221;default&#8221; column_direction_tablet=&#8221;default&#8221; column_direction_phone=&#8221;default&#8221; scene_position=&#8221;center&#8221; text_color=&#8221;dark&#8221; text_align=&#8221;left&#8221; row_border_radius=&#8221;none&#8221; row_border_radius_applies=&#8221;bg&#8221; overlay_strength=&#8221;0.3&#8243; gradient_direction=&#8221;left_to_right&#8221; shape_divider_position=&#8221;bottom&#8221; bg_image_animation=&#8221;none&#8221;][vc_column column_padding=&#8221;no-extra-padding&#8221; column_padding_tablet=&#8221;inherit&#8221; column_padding_phone=&#8221;inherit&#8221; column_padding_position=&#8221;all&#8221; column_element_spacing=&#8221;default&#8221; background_color_opacity=&#8221;1&#8243; background_hover_color_opacity=&#8221;1&#8243; column_shadow=&#8221;none&#8221; column_border_radius=&#8221;none&#8221; column_link_target=&#8221;_self&#8221; gradient_direction=&#8221;left_to_right&#8221; overlay_strength=&#8221;0.3&#8243; width=&#8221;1\/1&#8243; tablet_width_inherit=&#8221;default&#8221; tablet_text_alignment=&#8221;default&#8221; phone_text_alignment=&#8221;default&#8221; bg_image_animation=&#8221;none&#8221; border_type=&#8221;simple&#8221; column_border_width=&#8221;none&#8221; column_border_style=&#8221;solid&#8221;][vc_column_text css=&#8221;.vc_custom_1727347237599{margin-top: -20px !important;}&#8221;]Nesta p\u00e1gina, encontrar\u00e1 uma compila\u00e7\u00e3o de\u00a0<strong>m\u00e9todos de preven\u00e7\u00e3o<\/strong>\u00a0que podem ser utilizados\u00a0<strong>para melhorar a sua sa\u00fade e proteger-se de tudo o que possa prejudicar a sua sa\u00fade<\/strong>. Algumas pessoas nunca est\u00e3o doentes, outras s\u00f3 ficam doentes quando ouvem falar de um v\u00edrus ou de algo nocivo que pode atravessar o seu caminho. Isto tem a ver com o estado da sua sa\u00fade geral, especialmente do seu sistema imunit\u00e1rio.<\/p>\n<h3><strong>Quais os melhores m\u00e9todos?<\/strong><\/h3>\n<hr \/>\n<p>Parece trivial:\u00a0<strong>Ter um estilo de vida saud\u00e1vel<\/strong>.<\/p>\n<p><strong>Preste aten\u00e7\u00e3o \u00e0 sua alimenta\u00e7\u00e3o e a tudo o que entra no seu corpo. <\/strong>Os alimentos crus vegetarianos org\u00e2nicos s\u00e3o teoricamente os melhores, mas nem toda a gente os consegue digerir da mesma forma. Por isso, preste aten\u00e7\u00e3o \u00e0 origem de tudo o que entra no seu corpo &#8211; quanto mais natural e org\u00e2nico, melhor. Observe como a comida o faz sentir. Beba bastante \u00e1gua pura.<strong><br \/>\n<\/strong><\/p>\n<p><strong>Cuide da sua sa\u00fade mental: <\/strong>Os pensamentos negativos (pensamentos e sentimentos &#8220;azedos&#8221;) s\u00e3o t\u00e3o maus como o medo ou qualquer emo\u00e7\u00e3o negativa. Cada pensamento, cada emo\u00e7\u00e3o desencadeia uma rea\u00e7\u00e3o bioqu\u00edmica que tem um efeito positivo ou negativo no corpo. O amor ajuda, o \u00f3dio prejudica n\u00e3o s\u00f3 o seu estado mental, mas tamb\u00e9m o seu sistema imunit\u00e1rio.<\/p>\n<p><strong>Movimente o seu corpo e a sua mente. <\/strong>O seu corpo \u00e9 um motor que precisa de ser movimentado para funcionar bem e sem dores. Utilize a higiene espiritual, como o ioga ou qualquer actividade semelhante que mantenha o corpo, a mente e a alma em equil\u00edbrio.<\/p>\n<p><strong>Apoie o seu sistema imunit\u00e1rio. <\/strong>O estado do seu sistema imunit\u00e1rio determina, em \u00faltima an\u00e1lise, se os v\u00edrus, bact\u00e9rias ou outros agentes patog\u00e9nicos podem ou n\u00e3o prejudic\u00e1-lo. Se o seu sistema imunit\u00e1rio estiver a funcionar bem, nenhum destes agentes patog\u00e9nicos o afectar\u00e1 de forma alguma;<strong> um sistema imunit\u00e1rio saud\u00e1vel combater\u00e1 eficazmente tudo o que n\u00e3o pertence ao seu corpo. <\/strong><\/p>\n<p>Infelizmente, vivemos um estilo de vida que n\u00e3o \u00e9 realmente saud\u00e1vel e tamb\u00e9m vivemos num ambiente que \u00e9 tudo menos saud\u00e1vel para n\u00f3s humanos. Estamos a destruir a Terra a um ritmo acelerado, envenenando o solo e, consequentemente, os nossos alimentos, envenenando a \u00e1gua e, consequentemente, a nossa \u00e1gua pot\u00e1vel, utilizando produtos qu\u00edmicos em vez de produtos naturais. A ind\u00fastria qu\u00edmica, outrora fundada para apoiar a humanidade, tornou-se a maior amea\u00e7a \u00e0 nossa sa\u00fade como um todo.\u00a0<strong>Todos<\/strong>\u00a0os produtos qu\u00edmicos s\u00e3o considerados inimigos do nosso sistema imunit\u00e1rio, porque o f\u00edgado, que \u00e9 respons\u00e1vel pela desintoxica\u00e7\u00e3o de subst\u00e2ncias nocivas, era capaz de fazer o seu trabalho, at\u00e9 \u00e0 inven\u00e7\u00e3o dos qu\u00edmicos. N\u00e3o existe um manual para o f\u00edgado desintoxicar os qu\u00edmicos, uma vez que n\u00e3o est\u00e3o no &#8220;programa&#8221; e, eventualmente, o f\u00edgado aprender\u00e1 a lidar com os qu\u00edmicos (se sobrevivermos), mas isso pode demorar mil anos, o que ser\u00e1 um pouco tarde para a nossa gera\u00e7\u00e3o.\u00a0<strong>Por isso, fique com a natureza e tudo o que ela oferece<\/strong>.<br \/>\nPor favor, note-se que tudo o que escrevi acima tamb\u00e9m se aplica a qualquer tipo de medicamento qu\u00edmico.<\/p>\n<p>\u00c9 poss\u00edvel influenciar alguns dos factores mencionados, mas\u00a0<strong>outros n\u00e3o pode realmente influenciar, por exemplo, a emiss\u00e3o de todos os tipos de radia\u00e7\u00e3o, <\/strong>especialmente os sinais sem fios, como os dos telem\u00f3veis ou WIFI. S\u00f3 precisa de preparar-se o mais poss\u00edvel. Como muito provavelmente n\u00e3o vive numa selva remota sem sinais, precisa de uma prote\u00e7\u00e3o energ\u00e9tica\/electr\u00f3nica, como os equipamentos\u00a0<a href=\"https:\/\/biophotonic.uk\/\" target=\"_blank\" rel=\"noopener\">BioPhotonic<\/a><u>.<\/u>\u00a0Se vives numa cidade e ligas o WIFI no teu computador\/telem\u00f3vel \u00e9 muito prov\u00e1vel que vejas dezenas de hotspots dispon\u00edveis, quer queiras us\u00e1-los ou n\u00e3o, e isso \u00e9 apenas a ponta vis\u00edvel do iceberg. \u00a0<strong>N\u00e3o h\u00e1 como escapar, por isso, proteja-se<\/strong>.<\/p>\n<hr \/>\n<p>Em resumo:<\/p>\n<h3>1) <strong>Protec\u00e7\u00e3o contra sinais e emiss\u00f5es sem fios<\/strong><\/h3>\n<p><strong>Prote\u00e7\u00e3o energ\u00e9tica\/electr\u00f3nica passiva ou activa com dispositivos russos de <\/strong><a href=\"https:\/\/biophotonic.uk\/shop\/\" target=\"_blank\" rel=\"noopener\"><strong>BioPhotonic<\/strong><\/a>, a empresa em que confiamos e cujos dispositivos n\u00f3s pr\u00f3prios test\u00e1mos. N\u00e3o deixe de consultar esta p\u00e1gina.<br \/>\nMake sure you ckeck out this page: <a href=\"https:\/\/safeblood.net\/pt-pt\/biofotonico-bioressonancia\/\" target=\"_blank\" rel=\"noopener\">https:\/\/safeblood.net\/pt-pt\/biofotonico-bioressonancia\/<\/a>, com c\u00f3digo de desconto para membros do Safeblood e assinantes da newsletter do Safeblood.<br \/>\nOs dispositivos de protec\u00e7\u00e3o s\u00e3o: Onda Fot\u00f3nica, Cristal Fot\u00f3nico Quadrado e Escudo de Cristal Fot\u00f3nico.<\/p>\n<h3>2) <strong>Suplementos Nutricionais<\/strong><\/h3>\n<p>Uma vez que a qualidade da nossa alimenta\u00e7\u00e3o n\u00e3o \u00e9 suficiente para dar ao organismo aquilo de que ele necessita, pode considerar tomar regularmente v\u00e1rios suplementos, por exemplo:<br \/>\n<strong>Suplementos de \u00f3mega 3\/6\u00a0<\/strong>de qualidade premum da empresa Norueguesa \u00a0 <a href=\"https:\/\/safeblood.net\/pt-pt\/omega-3-baseados-em-analises-ao-sangue-da-eqology\/\" target=\"_blank\" rel=\"noopener\">Eqology<\/a>.<\/p>\n<h3>3) <strong>Encontrar um naturopata que o possa apoiar com um programa personalizado<\/strong><\/h3>\n<p>\u00c9 dif\u00edcil saber o que o seu corpo (e mente) realmente precisa. O ideal \u00e9 procurar um terapeuta que o possa apoiar e orientar enquanto voc\u00ea e os seus filhos ainda est\u00e3o saud\u00e1veis. Encontre um terapeuta\u00a0<a href=\"https:\/\/safeblood.net\/pt-pt\/procura-de-parceiros-medicos\/\" target=\"_blank\" rel=\"noopener\">na nossa p\u00e1gina,<\/a>\u00a0 ou, se conhecer um que n\u00e3o esteja na lista, diga-lhe para inscrever-se.<\/p>\n<h3>4) N\u00e3o obtenha as suas informa\u00e7\u00f5es atrav\u00e9s dos meios de comunica\u00e7\u00e3o social tradicionais<\/h3>\n<p>Infelizmente, desde a pandemia, temos vindo a constatar cada vez mais que todos os meios de comunica\u00e7\u00e3o social estabelecidos s\u00e3o, para o dizer de uma forma muito simp\u00e1tica, bastante tendenciosos. Por outras palavras:<strong> est\u00e3o a mentir-nos com todos os dentes.<\/strong> Durante este per\u00edodo todos estes meios de comunica\u00e7\u00e3o social foram fortemente financiados pela Big Pharma e por grupos semelhantes e, consequentemente, tornaram-se simplesmente porta-vozes dos governos e das grandes empresas. Os dias em que costum\u00e1vamos ver as not\u00edcias na esta\u00e7\u00e3o principal de televis\u00e3o \u00e0s 19h30 e em que est\u00e1vamos razoavelmente bem informados, infelizmente, acabaram. Os bons meios de comunica\u00e7\u00e3o social s\u00e3o todos novos e surgiram nos \u00faltimos 4 anos, sendo maioritariamente transmitidos na Internet. Na nossa p\u00e1gina de links encontrar\u00e1 os meios de comunica\u00e7\u00e3o social que continuam a informar de forma independente e cr\u00edtica. Desloque-se at\u00e9 &#8220;Media&#8221;. O Telegram e canais semelhantes s\u00e3o tamb\u00e9m uma boa alternativa.<\/p>\n<hr \/>\n<p><strong>Conhece outro m\u00e9todo de preven\u00e7\u00e3o de que ainda n\u00e3o tenhamos conhecimento? Por favor, envie-nos um <a href=\"mailto:george@safeblood.net\" target=\"_blank\" rel=\"noopener\">email<\/a>.<\/strong><\/p>\n<p class=\"p1\"><strong>AVISO DE ISEN\u00c7\u00c3O DE RESPONSABILIDADE:<\/strong><\/p>\n<p class=\"p1\">A SAFE BLOOD DONATION N\u00c3O FORNECE ACONSELHAMENTO M\u00c9DICO.<\/p>\n<p class=\"p1\">As informa\u00e7\u00f5es, incluindo, mas n\u00e3o se limitando a, texto, gr\u00e1ficos, imagens e outros materiais publicados ou transmitidos pela Safe Blood Donation e pelos seus afiliados, directores, administradores, gestores, funcion\u00e1rios ou outros representantes, destinam-se apenas a fins informativos. Nenhum material se destina a substituir o aconselhamento, diagn\u00f3stico ou tratamento m\u00e9dico profissional. Procure sempre o conselho do seu prestador de cuidados de sa\u00fade de confian\u00e7a com quaisquer d\u00favidas que possa ter em rela\u00e7\u00e3o a uma condi\u00e7\u00e3o m\u00e9dica ou tratamento e antes de iniciar um novo regime de cuidados de sa\u00fade e nunca desconsidere o conselho m\u00e9dico profissional ou demore a procur\u00e1-lo por causa de algo que tenha lido ou visto em qualquer publica\u00e7\u00e3o ou transmiss\u00e3o da Safe Blood Donation.<\/p>\n[\/vc_column_text][\/vc_column][\/vc_row]\n","protected":false},"excerpt":{"rendered":"<p>[vc_row type=&#8221;in_container&#8221; full_screen_row_position=&#8221;middle&#8221; column_margin=&#8221;default&#8221; column_direction=&#8221;default&#8221; column_direction_tablet=&#8221;default&#8221; column_direction_phone=&#8221;default&#8221; scene_position=&#8221;center&#8221; text_color=&#8221;dark&#8221; text_align=&#8221;left&#8221; row_border_radius=&#8221;none&#8221; row_border_radius_applies=&#8221;bg&#8221; overlay_strength=&#8221;0.3&#8243; gradient_direction=&#8221;left_to_right&#8221; shape_divider_position=&#8221;bottom&#8221; bg_image_animation=&#8221;none&#8221;][vc_column column_padding=&#8221;no-extra-padding&#8221; column_padding_tablet=&#8221;inherit&#8221; column_padding_phone=&#8221;inherit&#8221; column_padding_position=&#8221;all&#8221; column_element_spacing=&#8221;default&#8221; background_color_opacity=&#8221;1&#8243; background_hover_color_opacity=&#8221;1&#8243; column_shadow=&#8221;none&#8221; column_border_radius=&#8221;none&#8221; column_link_target=&#8221;_self&#8221; gradient_direction=&#8221;left_to_right&#8221; overlay_strength=&#8221;0.3&#8243; width=&#8221;1\/1&#8243; tablet_width_inherit=&#8221;default&#8221;&#8230;<\/p>\n","protected":false},"author":2,"featured_media":0,"parent":0,"menu_order":0,"comment_status":"closed","ping_status":"closed","template":"","meta":[],"_links":{"self":[{"href":"https:\/\/safeblood.nl\/pt-pt\/wp-json\/wp\/v2\/pages\/77246"}],"collection":[{"href":"https:\/\/safeblood.nl\/pt-pt\/wp-json\/wp\/v2\/pages"}],"about":[{"href":"https:\/\/safeblood.nl\/pt-pt\/wp-json\/wp\/v2\/types\/page"}],"author":[{"embeddable":true,"href":"https:\/\/safeblood.nl\/pt-pt\/wp-json\/wp\/v2\/users\/2"}],"replies":[{"embeddable":true,"href":"https:\/\/safeblood.nl\/pt-pt\/wp-json\/wp\/v2\/comments?post=77246"}],"version-history":[{"count":4,"href":"https:\/\/safeblood.nl\/pt-pt\/wp-json\/wp\/v2\/pages\/77246\/revisions"}],"predecessor-version":[{"id":78203,"href":"https:\/\/safeblood.nl\/pt-pt\/wp-json\/wp\/v2\/pages\/77246\/revisions\/78203"}],"wp:attachment":[{"href":"https:\/\/safeblood.nl\/pt-pt\/wp-json\/wp\/v2\/media?parent=77246"}],"curies":[{"name":"wp","href":"https:\/\/api.w.org\/{rel}","templated":true}]}}