{"id":71376,"date":"2023-08-07T20:01:32","date_gmt":"2023-08-07T18:01:32","guid":{"rendered":"https:\/\/safeblood.nl\/?page_id=71376"},"modified":"2025-11-12T10:41:46","modified_gmt":"2025-11-12T09:41:46","slug":"safe-blood-donation-home-page","status":"publish","type":"page","link":"https:\/\/safeblood.nl\/pt-pt\/","title":{"rendered":"Safe Blood Donation &#8211; home page"},"content":{"rendered":"[vc_row type=&#8221;full_width_background&#8221; full_screen_row_position=&#8221;middle&#8221; column_margin=&#8221;default&#8221; equal_height=&#8221;yes&#8221; content_placement=&#8221;bottom&#8221; column_direction=&#8221;default&#8221; column_direction_tablet=&#8221;default&#8221; column_direction_phone=&#8221;default&#8221; bg_color=&#8221;#d1d1ca&#8221; bg_image=&#8221;77160&#8243; bg_position=&#8221;center center&#8221; background_image_loading=&#8221;default&#8221; bg_repeat=&#8221;no-repeat&#8221; scene_position=&#8221;center&#8221; top_padding=&#8221;15%&#8221; bottom_padding=&#8221;13%&#8221; text_color=&#8221;light&#8221; text_align=&#8221;left&#8221; row_border_radius=&#8221;none&#8221; row_border_radius_applies=&#8221;bg&#8221; enable_gradient=&#8221;true&#8221; color_overlay=&#8221;#000000&#8243; overlay_strength=&#8221;0.3&#8243; gradient_direction=&#8221;left_to_right&#8221; shape_divider_position=&#8221;bottom&#8221; shape_divider_height=&#8221;350&#8243; bg_image_animation=&#8221;fade-in&#8221; parallax_bg=&#8221;true&#8221; parallax_bg_speed=&#8221;fast&#8221; shape_type=&#8221;mountains&#8221;][vc_column column_padding=&#8221;no-extra-padding&#8221; column_padding_tablet=&#8221;inherit&#8221; column_padding_phone=&#8221;inherit&#8221; column_padding_position=&#8221;all&#8221; column_element_spacing=&#8221;default&#8221; background_color_opacity=&#8221;1&#8243; background_hover_color_opacity=&#8221;1&#8243; column_shadow=&#8221;none&#8221; column_border_radius=&#8221;none&#8221; column_link_target=&#8221;_self&#8221; gradient_direction=&#8221;left_to_right&#8221; overlay_strength=&#8221;0.3&#8243; width=&#8221;1\/2&#8243; tablet_width_inherit=&#8221;default&#8221; tablet_text_alignment=&#8221;default&#8221; phone_text_alignment=&#8221;default&#8221; bg_image_animation=&#8221;none&#8221; border_type=&#8221;simple&#8221; column_border_width=&#8221;none&#8221; column_border_style=&#8221;solid&#8221;][vc_row_inner column_margin=&#8221;default&#8221; column_direction=&#8221;default&#8221; column_direction_tablet=&#8221;default&#8221; column_direction_phone=&#8221;default&#8221; text_align=&#8221;left&#8221;][vc_column_inner column_padding=&#8221;no-extra-padding&#8221; column_padding_tablet=&#8221;inherit&#8221; column_padding_phone=&#8221;inherit&#8221; column_padding_position=&#8221;all&#8221; column_element_spacing=&#8221;default&#8221; background_color_opacity=&#8221;1&#8243; background_hover_color_opacity=&#8221;1&#8243; column_shadow=&#8221;none&#8221; column_border_radius=&#8221;none&#8221; column_link_target=&#8221;_self&#8221; gradient_direction=&#8221;left_to_right&#8221; overlay_strength=&#8221;0.3&#8243; width=&#8221;1\/1&#8243; tablet_width_inherit=&#8221;default&#8221; bg_image_animation=&#8221;none&#8221; border_type=&#8221;simple&#8221; column_border_width=&#8221;none&#8221; column_border_style=&#8221;solid&#8221;][split_line_heading animation_type=&#8221;line-reveal-by-space&#8221; font_style=&#8221;h1&#8243; content_alignment=&#8221;default&#8221; mobile_content_alignment=&#8221;inherit&#8221; text_content=&#8221;Protege o futuro. Protege a humanidade. Protege o nosso sangue.&#8221;][\/split_line_heading][\/vc_column_inner][\/vc_row_inner][vc_row_inner column_margin=&#8221;default&#8221; column_direction=&#8221;default&#8221; column_direction_tablet=&#8221;default&#8221; column_direction_phone=&#8221;default&#8221; text_align=&#8221;left&#8221;][vc_column_inner column_padding=&#8221;no-extra-padding&#8221; column_padding_tablet=&#8221;inherit&#8221; column_padding_phone=&#8221;inherit&#8221; column_padding_position=&#8221;all&#8221; column_element_spacing=&#8221;default&#8221; background_color_opacity=&#8221;1&#8243; background_hover_color_opacity=&#8221;1&#8243; column_shadow=&#8221;none&#8221; column_border_radius=&#8221;none&#8221; column_link_target=&#8221;_self&#8221; gradient_direction=&#8221;left_to_right&#8221; overlay_strength=&#8221;0.3&#8243; width=&#8221;1\/1&#8243; tablet_width_inherit=&#8221;default&#8221; bg_image_animation=&#8221;none&#8221; enable_animation=&#8221;true&#8221; animation=&#8221;fade-in&#8221; border_type=&#8221;simple&#8221; column_border_width=&#8221;none&#8221; column_border_style=&#8221;solid&#8221; delay=&#8221;800&#8243;][nectar_cta btn_style=&#8221;arrow-animation&#8221; heading_tag=&#8221;h4&#8243; text_color=&#8221;#ffffff&#8221; button_color=&#8221;accent-color&#8221; link_type=&#8221;regular&#8221; alignment=&#8221;left&#8221; alignment_tablet=&#8221;default&#8221; alignment_phone=&#8221;default&#8221; display=&#8221;block&#8221; link_text=&#8221;Saber mais&#8221; url=&#8221;#about&#8221; margin_top=&#8221;30&#8243; padding_top=&#8221;20&#8243; padding_right=&#8221;40&#8243; padding_bottom=&#8221;20&#8243; padding_left=&#8221;40&#8243;][nectar_cta btn_style=&#8221;arrow-animation&#8221; heading_tag=&#8221;h4&#8243; text_color=&#8221;#ffffff&#8221; button_color=&#8221;accent-color&#8221; link_type=&#8221;new_tab&#8221; alignment=&#8221;left&#8221; alignment_tablet=&#8221;default&#8221; alignment_phone=&#8221;default&#8221; display=&#8221;block&#8221; link_text=&#8221;Subscreva a nossa Newsletter&#8221; url=&#8221;https:\/\/safeblood.pt\/pt-pt\/boletim-informativo\/&#8221; margin_top=&#8221;50&#8243; padding_top=&#8221;20&#8243; padding_right=&#8221;40&#8243; padding_bottom=&#8221;20&#8243; padding_left=&#8221;40&#8243;][nectar_cta btn_style=&#8221;arrow-animation&#8221; heading_tag=&#8221;h4&#8243; text_color=&#8221;#ffffff&#8221; button_color=&#8221;accent-color&#8221; link_type=&#8221;new_tab&#8221; alignment=&#8221;left&#8221; alignment_tablet=&#8221;default&#8221; alignment_phone=&#8221;default&#8221; display=&#8221;block&#8221; link_text=&#8221;Segue-nos no Telegram&#8221; url=&#8221;https:\/\/t.me\/SafBloodPortugalinfo&#8221; margin_top=&#8221;50&#8243; padding_top=&#8221;20&#8243; padding_right=&#8221;40&#8243; padding_bottom=&#8221;20&#8243; padding_left=&#8221;40&#8243;][\/vc_column_inner][\/vc_row_inner][\/vc_column][vc_column column_padding=&#8221;no-extra-padding&#8221; column_padding_tablet=&#8221;inherit&#8221; column_padding_phone=&#8221;inherit&#8221; column_padding_position=&#8221;all&#8221; column_element_spacing=&#8221;default&#8221; background_color_opacity=&#8221;1&#8243; background_hover_color_opacity=&#8221;1&#8243; column_shadow=&#8221;none&#8221; column_border_radius=&#8221;none&#8221; column_link_target=&#8221;_self&#8221; gradient_direction=&#8221;left_to_right&#8221; overlay_strength=&#8221;0.3&#8243; width=&#8221;1\/2&#8243; tablet_width_inherit=&#8221;default&#8221; tablet_text_alignment=&#8221;default&#8221; phone_text_alignment=&#8221;default&#8221; bg_image_animation=&#8221;none&#8221; border_type=&#8221;simple&#8221; column_border_width=&#8221;none&#8221; column_border_style=&#8221;solid&#8221;][\/vc_column][\/vc_row][vc_row type=&#8221;in_container&#8221; full_screen_row_position=&#8221;middle&#8221; column_margin=&#8221;90px&#8221; equal_height=&#8221;yes&#8221; content_placement=&#8221;middle&#8221; column_direction=&#8221;default&#8221; column_direction_tablet=&#8221;default&#8221; column_direction_phone=&#8221;default&#8221; scene_position=&#8221;center&#8221; top_padding=&#8221;3%&#8221; bottom_padding=&#8221;3%&#8221; text_color=&#8221;dark&#8221; text_align=&#8221;left&#8221; row_border_radius=&#8221;none&#8221; row_border_radius_applies=&#8221;bg&#8221; id=&#8221;about&#8221; overlay_strength=&#8221;0.3&#8243; gradient_direction=&#8221;left_to_right&#8221; shape_divider_position=&#8221;bottom&#8221; bg_image_animation=&#8221;none&#8221; shape_type=&#8221;&#8221;][vc_column column_padding=&#8221;padding-5-percent&#8221; column_padding_tablet=&#8221;inherit&#8221; column_padding_phone=&#8221;inherit&#8221; column_padding_position=&#8221;all&#8221; column_element_spacing=&#8221;default&#8221; background_color_opacity=&#8221;1&#8243; background_hover_color_opacity=&#8221;1&#8243; background_image=&#8221;6042&#8243; background_image_position=&#8221;center center&#8221; enable_bg_scale=&#8221;true&#8221; background_image_loading=&#8221;lazy-load&#8221; column_shadow=&#8221;none&#8221; column_border_radius=&#8221;none&#8221; column_link_target=&#8221;_self&#8221; gradient_direction=&#8221;left_to_right&#8221; overlay_strength=&#8221;0.3&#8243; width=&#8221;1\/2&#8243; tablet_width_inherit=&#8221;default&#8221; tablet_text_alignment=&#8221;default&#8221; phone_text_alignment=&#8221;default&#8221; bg_image_animation=&#8221;zoom-out-reveal&#8221; border_type=&#8221;simple&#8221; column_border_width=&#8221;none&#8221; column_border_style=&#8221;solid&#8221;][divider line_type=&#8221;No Line&#8221; custom_height=&#8221;300&#8243;][\/vc_column][vc_column column_padding=&#8221;padding-2-percent&#8221; column_padding_tablet=&#8221;inherit&#8221; column_padding_phone=&#8221;inherit&#8221; column_padding_position=&#8221;top-bottom&#8221; column_element_spacing=&#8221;default&#8221; background_color_opacity=&#8221;1&#8243; background_hover_color_opacity=&#8221;1&#8243; column_shadow=&#8221;none&#8221; column_border_radius=&#8221;none&#8221; column_link_target=&#8221;_self&#8221; gradient_direction=&#8221;left_to_right&#8221; overlay_strength=&#8221;0.3&#8243; width=&#8221;1\/2&#8243; tablet_width_inherit=&#8221;default&#8221; tablet_text_alignment=&#8221;default&#8221; phone_text_alignment=&#8221;default&#8221; bg_image_animation=&#8221;none&#8221; border_type=&#8221;simple&#8221; column_border_width=&#8221;none&#8221; column_border_style=&#8221;solid&#8221;][vc_row_inner column_margin=&#8221;default&#8221; column_direction=&#8221;default&#8221; column_direction_tablet=&#8221;default&#8221; column_direction_phone=&#8221;default&#8221; text_align=&#8221;left&#8221;][vc_column_inner column_padding=&#8221;no-extra-padding&#8221; column_padding_tablet=&#8221;inherit&#8221; column_padding_phone=&#8221;inherit&#8221; column_padding_position=&#8221;all&#8221; column_element_spacing=&#8221;default&#8221; background_color_opacity=&#8221;1&#8243; background_hover_color_opacity=&#8221;1&#8243; column_shadow=&#8221;none&#8221; column_border_radius=&#8221;none&#8221; column_link_target=&#8221;_self&#8221; gradient_direction=&#8221;left_to_right&#8221; overlay_strength=&#8221;0.3&#8243; width=&#8221;1\/1&#8243; tablet_width_inherit=&#8221;default&#8221; bg_image_animation=&#8221;none&#8221; enable_animation=&#8221;true&#8221; animation=&#8221;fade-in-from-bottom&#8221; border_type=&#8221;simple&#8221; column_border_width=&#8221;none&#8221; column_border_style=&#8221;solid&#8221;][vc_column_text css_animation=&#8221;fadeIn&#8221; max_width=&#8221;500&#8243;]\n<p class=\"p1\">As transfus\u00f5es sangu\u00edneas utilizam componentes de sangue preservados, que atrav\u00e9s de processos complexos posteriores \u00e0 d\u00e1diva do sangue, s\u00e3o em grande parte limpos de corpos estranhos. O sangue obtido desta forma poderia ser utilizado para transfus\u00f5es sem hesita\u00e7\u00e3o &#8211;<span class=\"Apple-converted-space\">\u00a0 <\/span>assim o foi at\u00e9 um passado recente.<\/p>\n<p class=\"p1\">Com a chegada das novas vacinas mRNA (como as atuais vacinas contra Covid), enfrentamos desafios desconhecidos e novos, j\u00e1 que as autodenominadas prote\u00ednas spike s\u00e3o neutralizadas de formas at\u00e9 agora n\u00e3o descritas nem conhecidas.<\/p>\n<p class=\"p1\">De acordo com o actual estado da ci\u00eancia, um enorme n\u00famero de aditivos n\u00e3o org\u00e2nicos, n\u00e3o declarados nestas vacinas, s\u00e3o apenas parcialmente eliminados pelos m\u00e9todos de limpeza conhecidos. A microscopia de campo escuro (Dark Field Microscopy) detectou a presen\u00e7a destas part\u00edculas no sangue mesmo passados periodos de 6 meses \u2013 sendo que, algumas delas podem nunca vir a ser eliminadas por completo.<\/p>\n<p class=\"p1\">Um grande n\u00famero de pessoas tomou a decis\u00e3o consciente de n\u00e3o ser vacinado contra Sars-Cov-2 e tamb\u00e9m recusar\u00e1 as pr\u00f3ximas vacinas que utilizam mRNA &#8211; por qualquer raz\u00e3o. T\u00eam tamb\u00e9m d\u00favidas e receios quanto a receber uma transfus\u00e3o de sangue de pessoas vacinadas. Seja numa emerg\u00eancia, numa cirurgia programada ou porque o utente tem necessidade m\u00e9dica de transfus\u00f5es regulares por quaisquer outras raz\u00f5es m\u00e9dicas.<\/p>\n[\/vc_column_text][\/vc_column_inner][\/vc_row_inner][\/vc_column][\/vc_row][vc_row type=&#8221;in_container&#8221; full_screen_row_position=&#8221;middle&#8221; column_margin=&#8221;90px&#8221; equal_height=&#8221;yes&#8221; content_placement=&#8221;middle&#8221; column_direction=&#8221;default&#8221; column_direction_tablet=&#8221;default&#8221; column_direction_phone=&#8221;default&#8221; scene_position=&#8221;center&#8221; top_padding=&#8221;0%&#8221; bottom_padding=&#8221;9%&#8221; text_color=&#8221;dark&#8221; text_align=&#8221;left&#8221; row_border_radius=&#8221;none&#8221; row_border_radius_applies=&#8221;bg&#8221; overlay_strength=&#8221;0.3&#8243; gradient_direction=&#8221;left_to_right&#8221; shape_divider_position=&#8221;bottom&#8221; bg_image_animation=&#8221;none&#8221; shape_type=&#8221;&#8221;][vc_column column_padding=&#8221;no-extra-padding&#8221; column_padding_tablet=&#8221;inherit&#8221; column_padding_phone=&#8221;inherit&#8221; column_padding_position=&#8221;top-bottom&#8221; column_element_spacing=&#8221;default&#8221; background_color_opacity=&#8221;1&#8243; background_hover_color_opacity=&#8221;1&#8243; column_shadow=&#8221;none&#8221; column_border_radius=&#8221;none&#8221; column_link_target=&#8221;_self&#8221; gradient_direction=&#8221;left_to_right&#8221; overlay_strength=&#8221;0.3&#8243; width=&#8221;1\/2&#8243; tablet_width_inherit=&#8221;default&#8221; tablet_text_alignment=&#8221;default&#8221; phone_text_alignment=&#8221;default&#8221; bg_image_animation=&#8221;none&#8221; border_type=&#8221;simple&#8221; column_border_width=&#8221;none&#8221; column_border_style=&#8221;solid&#8221;][vc_column_text css_animation=&#8221;fadeIn&#8221; max_width=&#8221;500&#8243; css=&#8221;.vc_custom_1762940481494{margin-top: -50px !important;}&#8221;]\n<p class=\"p1\">\u00c9 aqui que a SAFE BLOOD Donation, se assume como um intermedi\u00e1rio. O nosso trabalho tem o ojectivo de<span class=\"Apple-converted-space\">\u00a0 <\/span>assegurar que os nossos membros t\u00eam um meio de obter sangue n\u00e3o vacinado, <span class=\"s1\">seja recem-colhido ou embalado<\/span>, caso necessitem. Em troca, disponibilizam-se como dadores de sangue. Qualquer pessoa pode tornar-se membro, vacinado ou n\u00e3o &#8211; mas apenas aqueles que n\u00e3o foram vacinados podem doar.<\/p>\n<p>Leia <a href=\"https:\/\/safeblood.nl\/wp-content\/uploads\/2025\/11\/DECLARAC\u0327A\u0303O-DE-MISSA\u0303O-DE-SAFEBLOOD-portugue\u0302s-2025.pdf\" target=\"_blank\" rel=\"noopener\">aqui<\/a> na nossa <a href=\"https:\/\/safeblood.nl\/wp-content\/uploads\/2025\/11\/DECLARAC\u0327A\u0303O-DE-MISSA\u0303O-DE-SAFEBLOOD-portugue\u0302s-2025.pdf\" target=\"_blank\" rel=\"noopener\">declara\u00e7\u00e3o de miss\u00e3o<\/a> o que \u00e9 que a SafeBlood pretende alcan\u00e7ar em primeiro lugar.<\/p>\n<p>Infelizmente, os res\u00edduos das vacinas de ARNm n\u00e3o se encontram apenas no sangue, mas tamb\u00e9m no leite materno e nos \u00f3rg\u00e3os reprodutores, entre outros, raz\u00e3o pela qual o nosso site irm\u00e3o <a href=\"https:\/\/safereproduction.net\/\" target=\"_blank\" rel=\"noopener\">safereproduction.net<\/a> se dedica \u00e0 obten\u00e7\u00e3o de esperma, \u00f3vulos e leite materno sem res\u00edduos de ARNm.<\/p>\n<p class=\"p1\">A cria\u00e7\u00e3o da infra-estrutura necess\u00e1ria consume a maior parte do nosso tempo e dedica\u00e7\u00e3o e estamos a trabalhar a toda a velocidade. Estamos j\u00e1 representados em 50 pa\u00edses dos 5 continentes, na Europa, nos EUA, no Canad\u00e1, na Am\u00e9rica do Sul, na \u00c1sia, na Austr\u00e1lia e em v\u00e1rios pa\u00edses africanos.<\/p>\n<p class=\"p1\">Contamos com membros em mais de 100 estados em todo o mundo, 50 dos quais s\u00f3 nos EUA. Os contactos directos para cada pa\u00eds podem ser encontrados <a href=\"https:\/\/safeblood.pt\/pt-pt\/sobre-nos-e-politica-de-privacidade\/\" target=\"_blank\" rel=\"noopener\">aqui<\/a>.<\/p>\n<p>Assim que tivermos parceiros m\u00e9dicos suficientes (para o pedido, recolha e processamento do sangue), daremos in\u00edcio \u00e0 media\u00e7\u00e3o, e\u00a0nos pa\u00edses em que \u00e9 poss\u00edvel, j\u00e1 estamos a fazer isso diariamente (por exemplo, nos EUA). J\u00e1 pode encontrar uma base de dados (an\u00f3nima) dos nossos dadores de sangue neste s\u00edtio Web e <a href=\"https:\/\/safeblood.pt\/pt-pt\/procurar-dador-de-sangue\/\" target=\"_blank\" rel=\"noopener\">procurar um dador compat\u00edvel aqui<\/a>, e <a href=\"https:\/\/safeblood.pt\/pt-pt\/procura-de-parceiros-medicos\/\" target=\"_blank\" rel=\"noopener\">procurar um parceiro m\u00e9dico<\/a> com uma lista de todos os hospitais a quem pedimos uma parceria, listados aqui, quer nos tenham respondido ou n\u00e3o.<\/p>\n<p class=\"p1\">Note-se que o nosso principal objectivo n\u00e3o \u00e9 gerir o nosso pr\u00f3prio banco de sangue &#8211; isso n\u00e3o \u00e9 poss\u00edvel de momento por raz\u00f5es legais, mas estamos a trabalhar para o tornar poss\u00edvel e estamos cada vez mais perto de dia para dia &#8211; mas fazer corresponder dadores e receptores de sangue, que reunimos numa cl\u00ednica (parceiro m\u00e9dico) que permite a escolha do dador de sangue. Portanto, <strong>ainda n\u00e3o existe um banco de sangue com sangue sem mRNA<\/strong>, nem mesmo connosco. E, embora j\u00e1 tenhamos pedido a centenas de cl\u00ednicas, at\u00e9 ao momento &#8211; pelo menos na Europa &#8211; quase todas elas se recusam a permitir o acesso a este direito humano fundamental que \u00e9 a livre escolha do sangue, atrav\u00e9s delas &#8211; ou pelo menos n\u00e3o querem ser mencionadas, porque de outra forma receiam repres\u00e1lias. No entanto, prometemo-vos que n\u00e3o desistiremos at\u00e9 que possamos oferecer uma rede mundial de tais cl\u00ednicas. \u00c9 bom saber que existem partes do mundo onde pelo menos a escolha do doador ainda \u00e9 poss\u00edvel, como a maioria dos pa\u00edses africanos e a maioria dos estados dos EUA. A It\u00e1lia \u00e9 atualmente o \u00fanico pa\u00eds da Europa onde, pelo menos em alguns hospitais, \u00e9 poss\u00edvel escolher livremente um dador de sangue atrav\u00e9s de uma s\u00e9rie de truques. \u00c9 complicado e fastidioso, mas pelo menos alguns dos nossos membros conseguiram-no.<\/p>\n<p class=\"p1\">Para informa\u00e7\u00f5es adicionais, subscreva a nossa <a href=\"https:\/\/safeblood.pt\/pt-pt\/boletim-informativo\/\" target=\"_blank\" rel=\"noopener\">newsletter<\/a>, envie-nos <a href=\"mailto:info@safeblood.pt\" target=\"_blank\" rel=\"noopener\">um e-mail<\/a> e consulte regularmente esta p\u00e1gina. Antes de nos fazer uma pergunta, consulte a nossa <a href=\"https:\/\/safeblood.pt\/pt-pt\/faqs\/\" target=\"_blank\" rel=\"noopener\">p\u00e1gina FAQs<\/a> para confirmar se ainda n\u00e3o foi respondida.<\/p>\n<h4><strong>George Della Pietra<\/strong><\/h4>\n<h5>Fundador <a href=\"https:\/\/safeblood.pt\/pt-pt\/\" target=\"_blank\" rel=\"noopener\">SafeBlood<\/a> e\u00a0<a href=\"https:\/\/safereproduction.net\/\" target=\"_blank\" rel=\"noopener\">Safereproduction<\/a><br \/>\n<a href=\"https:\/\/safeblood.nl\/wp-content\/uploads\/2023\/06\/george-della-pietra-scaled.jpg\" target=\"_blank\" rel=\"noopener\"><img loading=\"lazy\" class=\"alignleft size-medium wp-image-70717\" src=\"https:\/\/safeblood.nl\/wp-content\/uploads\/2023\/06\/george-della-pietra-300x204.jpg\" alt=\"\" width=\"300\" height=\"204\" srcset=\"https:\/\/safeblood.nl\/wp-content\/uploads\/2023\/06\/george-della-pietra-300x204.jpg 300w, https:\/\/safeblood.nl\/wp-content\/uploads\/2023\/06\/george-della-pietra-1024x697.jpg 1024w, https:\/\/safeblood.nl\/wp-content\/uploads\/2023\/06\/george-della-pietra-768x523.jpg 768w, https:\/\/safeblood.nl\/wp-content\/uploads\/2023\/06\/george-della-pietra-1536x1046.jpg 1536w, https:\/\/safeblood.nl\/wp-content\/uploads\/2023\/06\/george-della-pietra-2048x1394.jpg 2048w\" sizes=\"(max-width: 300px) 100vw, 300px\" \/><\/a><\/h5>\n[\/vc_column_text][nectar_btn size=&#8221;jumbo&#8221; button_style=&#8221;regular&#8221; button_color_2=&#8221;Accent-Color&#8221; icon_family=&#8221;none&#8221; text=&#8221;envie-nos um e-mail&#8221; url=&#8221;mailto:info@safeblood.pt&#8221;][vc_column_text css=&#8221;.vc_custom_1697284951342{margin-top: 40px !important;}&#8221;]\n<h3>A situa\u00e7\u00e3o no meu pa\u00eds: <div class=\"select-my-x-flag\" style=\"display:inline-block;font-size:45px\"><a href=\"https:\/\/safeblood.nl\/pt-pt\/location\/noticias-especificas-de-cada-pais\/portugal-pt-pt\/\">\ud83c\uddf5\ud83c\uddf9<\/a> <\/div><\/h3>\n[\/vc_column_text][\/vc_column][vc_column column_padding=&#8221;no-extra-padding&#8221; column_padding_tablet=&#8221;inherit&#8221; column_padding_phone=&#8221;inherit&#8221; column_padding_position=&#8221;all&#8221; column_element_spacing=&#8221;default&#8221; background_color_opacity=&#8221;1&#8243; background_hover_color_opacity=&#8221;1&#8243; column_shadow=&#8221;none&#8221; column_border_radius=&#8221;none&#8221; column_link_target=&#8221;_self&#8221; gradient_direction=&#8221;left_to_right&#8221; overlay_strength=&#8221;0.3&#8243; width=&#8221;1\/2&#8243; tablet_width_inherit=&#8221;default&#8221; tablet_text_alignment=&#8221;default&#8221; phone_text_alignment=&#8221;default&#8221; bg_image_animation=&#8221;zoom-out-reveal&#8221; border_type=&#8221;simple&#8221; column_border_width=&#8221;none&#8221; column_border_style=&#8221;solid&#8221;][image_with_animation image_url=&#8221;75078&#8243; animation=&#8221;Fade In&#8221; hover_animation=&#8221;none&#8221; alignment=&#8221;&#8221; border_radius=&#8221;none&#8221; box_shadow=&#8221;none&#8221; image_loading=&#8221;lazy-load&#8221; max_width=&#8221;100%&#8221; max_width_mobile=&#8221;default&#8221;][image_with_animation image_url=&#8221;75178&#8243; animation=&#8221;Fade In&#8221; hover_animation=&#8221;none&#8221; alignment=&#8221;&#8221; border_radius=&#8221;none&#8221; box_shadow=&#8221;none&#8221; image_loading=&#8221;lazy-load&#8221; max_width=&#8221;100%&#8221; max_width_mobile=&#8221;default&#8221;][image_with_animation image_url=&#8221;75148&#8243; animation=&#8221;Fade In&#8221; hover_animation=&#8221;none&#8221; alignment=&#8221;&#8221; border_radius=&#8221;none&#8221; box_shadow=&#8221;none&#8221; image_loading=&#8221;lazy-load&#8221; max_width=&#8221;100%&#8221; max_width_mobile=&#8221;default&#8221;][\/vc_column][\/vc_row]\n","protected":false},"excerpt":{"rendered":"<p>[vc_row type=&#8221;full_width_background&#8221; full_screen_row_position=&#8221;middle&#8221; column_margin=&#8221;default&#8221; equal_height=&#8221;yes&#8221; content_placement=&#8221;bottom&#8221; column_direction=&#8221;default&#8221; column_direction_tablet=&#8221;default&#8221; column_direction_phone=&#8221;default&#8221; bg_color=&#8221;#d1d1ca&#8221; bg_image=&#8221;77160&#8243; bg_position=&#8221;center center&#8221; background_image_loading=&#8221;default&#8221; bg_repeat=&#8221;no-repeat&#8221; scene_position=&#8221;center&#8221; top_padding=&#8221;15%&#8221; bottom_padding=&#8221;13%&#8221; text_color=&#8221;light&#8221; text_align=&#8221;left&#8221; row_border_radius=&#8221;none&#8221; row_border_radius_applies=&#8221;bg&#8221; enable_gradient=&#8221;true&#8221; color_overlay=&#8221;#000000&#8243; overlay_strength=&#8221;0.3&#8243; gradient_direction=&#8221;left_to_right&#8221; shape_divider_position=&#8221;bottom&#8221; shape_divider_height=&#8221;350&#8243; bg_image_animation=&#8221;fade-in&#8221; parallax_bg=&#8221;true&#8221;&#8230;<\/p>\n","protected":false},"author":2,"featured_media":0,"parent":0,"menu_order":0,"comment_status":"closed","ping_status":"closed","template":"","meta":[],"_links":{"self":[{"href":"https:\/\/safeblood.nl\/pt-pt\/wp-json\/wp\/v2\/pages\/71376"}],"collection":[{"href":"https:\/\/safeblood.nl\/pt-pt\/wp-json\/wp\/v2\/pages"}],"about":[{"href":"https:\/\/safeblood.nl\/pt-pt\/wp-json\/wp\/v2\/types\/page"}],"author":[{"embeddable":true,"href":"https:\/\/safeblood.nl\/pt-pt\/wp-json\/wp\/v2\/users\/2"}],"replies":[{"embeddable":true,"href":"https:\/\/safeblood.nl\/pt-pt\/wp-json\/wp\/v2\/comments?post=71376"}],"version-history":[{"count":30,"href":"https:\/\/safeblood.nl\/pt-pt\/wp-json\/wp\/v2\/pages\/71376\/revisions"}],"predecessor-version":[{"id":80773,"href":"https:\/\/safeblood.nl\/pt-pt\/wp-json\/wp\/v2\/pages\/71376\/revisions\/80773"}],"wp:attachment":[{"href":"https:\/\/safeblood.nl\/pt-pt\/wp-json\/wp\/v2\/media?parent=71376"}],"curies":[{"name":"wp","href":"https:\/\/api.w.org\/{rel}","templated":true}]}}