{"id":76816,"date":"2024-06-27T12:05:20","date_gmt":"2024-06-27T10:05:20","guid":{"rendered":"https:\/\/safeblood.nl\/?page_id=76816"},"modified":"2026-01-10T16:33:29","modified_gmt":"2026-01-10T15:33:29","slug":"metodi-diagnostici","status":"publish","type":"page","link":"https:\/\/safeblood.nl\/it\/metodi-diagnostici\/","title":{"rendered":"Metodi Diagnostici"},"content":{"rendered":"[vc_row type=&#8221;in_container&#8221; full_screen_row_position=&#8221;middle&#8221; column_margin=&#8221;default&#8221; column_direction=&#8221;default&#8221; column_direction_tablet=&#8221;default&#8221; column_direction_phone=&#8221;default&#8221; scene_position=&#8221;center&#8221; text_color=&#8221;dark&#8221; text_align=&#8221;left&#8221; row_border_radius=&#8221;none&#8221; row_border_radius_applies=&#8221;bg&#8221; overlay_strength=&#8221;0.3&#8243; gradient_direction=&#8221;left_to_right&#8221; shape_divider_position=&#8221;bottom&#8221; bg_image_animation=&#8221;none&#8221;][vc_column column_padding=&#8221;no-extra-padding&#8221; column_padding_tablet=&#8221;inherit&#8221; column_padding_phone=&#8221;inherit&#8221; column_padding_position=&#8221;all&#8221; column_element_spacing=&#8221;default&#8221; background_color_opacity=&#8221;1&#8243; background_hover_color_opacity=&#8221;1&#8243; column_shadow=&#8221;none&#8221; column_border_radius=&#8221;none&#8221; column_link_target=&#8221;_self&#8221; gradient_direction=&#8221;left_to_right&#8221; overlay_strength=&#8221;0.3&#8243; width=&#8221;1\/1&#8243; tablet_width_inherit=&#8221;default&#8221; tablet_text_alignment=&#8221;default&#8221; phone_text_alignment=&#8221;default&#8221; bg_image_animation=&#8221;none&#8221; border_type=&#8221;simple&#8221; column_border_width=&#8221;none&#8221; column_border_style=&#8221;solid&#8221;][vc_column_text css=&#8221;.vc_custom_1719489141625{margin-top: -50px !important;}&#8221;]\n<h1 style=\"text-align: center;\"><strong>Metodi Diagnostici <\/strong><\/h1>\n[\/vc_column_text][\/vc_column][\/vc_row][vc_row type=&#8221;in_container&#8221; full_screen_row_position=&#8221;middle&#8221; column_margin=&#8221;default&#8221; column_direction=&#8221;default&#8221; column_direction_tablet=&#8221;default&#8221; column_direction_phone=&#8221;default&#8221; scene_position=&#8221;center&#8221; text_color=&#8221;dark&#8221; text_align=&#8221;left&#8221; row_border_radius=&#8221;none&#8221; row_border_radius_applies=&#8221;bg&#8221; overlay_strength=&#8221;0.3&#8243; gradient_direction=&#8221;left_to_right&#8221; shape_divider_position=&#8221;bottom&#8221; bg_image_animation=&#8221;none&#8221;][vc_column column_padding=&#8221;no-extra-padding&#8221; column_padding_tablet=&#8221;inherit&#8221; column_padding_phone=&#8221;inherit&#8221; column_padding_position=&#8221;all&#8221; column_element_spacing=&#8221;default&#8221; background_color_opacity=&#8221;1&#8243; background_hover_color_opacity=&#8221;1&#8243; column_shadow=&#8221;none&#8221; column_border_radius=&#8221;none&#8221; column_link_target=&#8221;_self&#8221; gradient_direction=&#8221;left_to_right&#8221; overlay_strength=&#8221;0.3&#8243; width=&#8221;1\/1&#8243; tablet_width_inherit=&#8221;default&#8221; tablet_text_alignment=&#8221;default&#8221; phone_text_alignment=&#8221;default&#8221; bg_image_animation=&#8221;none&#8221; border_type=&#8221;simple&#8221; column_border_width=&#8221;none&#8221; column_border_style=&#8221;solid&#8221;][vc_column_text css=&#8221;.vc_custom_1768059204857{margin-top: -20px !important;}&#8221;]In questa pagina troverai una raccolta di <strong>metodi diagnostici<\/strong> che possono essere utilizzati per <strong>rilevare i residui delle vaccinazioni a mRNA<\/strong>. Ci\u00f2 \u00e8 particolarmente importante perch\u00e9 una diagnosi corretta \u00e8 la base per un trattamento efficace. Fino a poco tempo fa, la microscopia in campo oscuro (o analisi del sangue vivo) era l\u2019unico metodo, ma ora abbiamo diverse alternative.<\/p>\n<p>&nbsp;<\/p>\n<h3><strong>Quali sono i metodi migliori?<\/strong><\/h3>\n<p>&nbsp;<\/p>\n<hr \/>\n<p><a href=\"https:\/\/safeblood.it\/it\/covid19-vaccine-residual-analysis\/\" target=\"_blank\" rel=\"noopener\">L\u2019Analisi dei Residui del Vaccino Covid19<\/a>, che SafeBlood offre in collaborazione con <a href=\"https:\/\/www.createdforhealth.com\/\" target=\"_blank\" rel=\"noopener\">Created for Health<\/a>, \u00e8 nuovissima. Rivela quanto segue:<\/p>\n<ul>\n<li>Residui di eventuali vaccini Covid19<\/li>\n<li>La presenza di proteine \u200b\u200b\u200b\u200bspike<\/li>\n<li>Se la funzionalit\u00e0 del tuo RNA e DNA \u00e8 interrotta o danneggiata<\/li>\n<\/ul>\n<p>Questa analisi rappresenta un punto di svolta, poich\u00e9 non solo potete essere sicuri che in caso di trasfusione riceverete effettivamente sangue pulito, ma avrete anche una panoramica del successo dei trattamenti per le vittime delle vaccinazioni a mRNA.<\/p>\n<p>Fare clic <a href=\"https:\/\/safeblood.it\/it\/covid19-vaccine-residual-analysis\/\" target=\"_blank\" rel=\"noopener\"><strong><u>qui<\/u><\/strong><\/a> per l&#8217;Analisi dei Residui del Vaccino Covid19, con codice di sconto per i soci Safeblood.<\/p>\n<hr \/>\n<p>&nbsp;<\/p>\n<p>La <strong>Microscopia in Campo Oscuro (analisi del sangue vivo)<\/strong> \u00e8 ancora un metodo eccellente per rilevare gli effetti dannosi delle vaccinazioni a mRNA direttamente e in tempo reale nel sangue. Nessun altro metodo consente di vedere i cambiamenti nel sangue in modo cos\u00ec realistico.<\/p>\n<p>L&#8217;unico problema di questo metodo di analisi \u00e8 che lascia al medico spazio di interpretazione per quanto riguarda le possibili cause delle alterazioni del sangue. In un confronto diretto prima e dopo, tuttavia, questo fattore \u00e8 trascurabile. Sfortunatamente, queste condizioni ideali raramente vengono fornite.<\/p>\n<p>Inoltre non si tratta di un \u201ctest di cinque minuti\u201d, ma di un\u2019analisi completa che fornisce una panoramica ottimale del vostro stato di salute generale. Una sessione dura solitamente almeno un&#8217;ora ed \u00e8 offerta da professionisti alternativi esperti.<\/p>\n<p>Questo \u00e8 il motivo per cui qui non c&#8217;\u00e8 alcun collegamento al metodo, ma alla nostra pagina <a href=\"https:\/\/safeblood.it\/it\/cerca-un-partner-sanitario\/\" target=\"_blank\" rel=\"noopener\"><u>Trova una struttura sanitaria<\/u><\/a>, dove puoi cercare direttamente i terapisti che offrono questo metodo.<br \/>\nSfortunatamente, qui ne sono elencati ancora pochissimi. Quindi, se conosci un buon terapista, fagli sapere che pu\u00f2 essere aggiunto a questo elenco.<\/p>\n<hr \/>\n<p><strong><br \/>\nEsami di laboratorio classici<br \/>\n<\/strong><\/p>\n<p>Nel frattempo esistono diversi test di laboratorio classici (secondo la medicina biochimica occidentale) in grado di dimostrare se il sangue di un soggetto proviene da una persona vaccinata o non vaccinata.<\/p>\n<p>Solo pochi laboratori offrono test che consentono <strong>non solo di rilevare le proteine spike<\/strong>, ma <strong>anche la fonte di tali proteine<\/strong>, ovvero <strong>un vaccino o un&#8217;infezione<\/strong>. Tuttavia, va anche tenuto presente che le proteine spike sono solo uno dei tanti fattori problematici associati ai vaccini a mRNA e che, a mio avviso, altri fattori hanno un peso maggiore.<\/p>\n<p>Esistono numerosi altri test singoli che forniscono indicazioni specifiche (ad esempio il D-dimero) e che, combinati tra loro, indicano una contaminazione con sangue contaminato da mRNA.<\/p>\n<p><strong>La maggior parte<\/strong> dei laboratori specializzati <strong>si trova in Germania<\/strong>. Ecco alcuni esempi di laboratori che effettuano analisi del sangue di vari parametri che forniscono indicazioni inequivocabili sulla contaminazione da residui di mRNA:<\/p>\n<p>Un laboratorio che lavora a stretto contatto con il MWGFD, la pi\u00f9 importante associazione di medici critici in Germania, \u00e8 <a href=\"https:\/\/inmodia.de\/\" target=\"_blank\" rel=\"noopener\">Inmodia<\/a> a 84131 Vilsbiburg. Tutto ci\u00f2 che proviene dal MWGFD \u00e8 fondamentalmente raccomandabile.<\/p>\n<p>Un altro laboratorio raccomandato dal MWGDF \u00e8 <a href=\"https:\/\/www.mmd-labor.de\/en\/\" target=\"_blank\" rel=\"noopener\">MMD (Magdeburg Molecular Detections GmbH)<\/a> a Magdeburgo. La mente dietro questo laboratorio, la Prof.ssa <strong>Brigitte K\u00f6nig<\/strong>, si \u00e8 guadagnata un&#8217;ottima reputazione come pioniera nella diagnosi dei residui di mRNA.<\/p>\n<p>Un fornitore di servizi che collabora con diversi laboratori ed \u00e8 sicuramente un punto di riferimento valido per i laboratori nell&#8217;area di lingua tedesca: <a href=\"https:\/\/bin-ich-schon-immun.de\/\" target=\"_blank\" rel=\"noopener\">WIR SIND IMMUN<\/a> a 60329 Francoforte sul Meno. Il loro sito web offre anche un database in cui \u00e8 possibile cercare sintomi o organi. Ecco <a href=\"https:\/\/vimeo.com\/872726082?fl=pl&amp;fe=vl&amp;pgroup=plc\" target=\"_blank\" rel=\"noopener\">un breve video<\/a> (in tedesco) dell&#8217;amministratore delegato Christian Hannig con ulteriori spiegazioni.<\/p>\n<p>Un metodo diagnostico recentemente molto popolare, che misura solo gli anticorpi contro le proteine Spike (IgG, in BAU\/ml), ma che fornisce informazioni iniziali molto utili ed \u00e8 anche estremamente economico (circa 30 \u20ac), \u00e8 lo <a href=\"https:\/\/www.xn--sandra-spni-t8a.ch\/home\" target=\"_blank\" rel=\"noopener\">SCAN 2000<\/a> della <strong>dottoressa Sabine Stebel<\/strong>, scienziata di grande competenza. <a href=\"https:\/\/www.xn--sandra-spni-t8a.ch\/home\" target=\"_blank\" rel=\"noopener\">Questo link<\/a> rimanda al suo articolo su Substack, che \u00e8 estremamente completo e non facile da leggere per i \u201cnon scienziati\u201d, ma contiene anche link a terapeuti che offrono questo metodo. Scorrendo verso il basso nella pagina web, li troverete ordinati per codice postale.<br \/>\nEccone <strong>una selezione<\/strong>:<br \/>\n<a href=\"https:\/\/www.naturheilpraxis-krenn.de\/\" target=\"_blank\" rel=\"noopener\">Naturheilpraxis Helen Krenn<\/a> nella contea di Rosenheim. <strong>Helen Krenn<\/strong> non solo offre una gamma estremamente ampia di terapie naturali nel suo studio, ma \u00e8 anche la fondatrice del sito web <a href=\"https:\/\/expertcouncil.one\/\" target=\"_blank\" rel=\"noopener\">Expertcouncil<\/a>, una rete di esperti altamente raccomandabile.<br \/>\nIl <a href=\"https:\/\/www.ayurveda-hannover.org\/\" target=\"_blank\" rel=\"noopener\">naturopata <strong>Uwe Schewe<\/strong><\/a> nel suo <a href=\"https:\/\/www.ayurveda-hannover.org\/\" target=\"_blank\" rel=\"noopener\">studio ayurvedico<\/a> a 30161 Hannover.<br \/>\n<strong>Dr. med. Beatrix Braack<\/strong>, Westerallee 12, 24937 Flensburg , Tel: <a>+49 (0) 461 40 77 56 94<\/a>, email <a href=\"mailto:salutogeneticum@t-online.de\">salutogeneticum@t-online.de<\/a><\/p>\n<p>E l&#8217;<strong>unico indirizzo in Svizzera<\/strong>: <a href=\"https:\/\/www.xn--sandra-spni-t8a.ch\/home\" target=\"_blank\" rel=\"noopener\">studio di naturopatia di Sandra Sp\u00e4ni<\/a>, a 8868 Oberurnen, nel cantone di Glarona.<\/p>\n<p>Test anticorpale Covid19 negli Stati Uniti, da inviare (70 $): <a href=\"https:\/\/www.ondemand.labcorp.com\/lab-tests\/covid-19-antibody-test?utm_source=substack&amp;utm_medium=email\" target=\"_blank\" rel=\"noopener\">ondemand.labcorp.com<\/a><\/p>\n<hr \/>\n<h4><em><strong>Vari test di laboratorio classici per controllare diversi parametri importanti per la salute:<\/strong><\/em><\/h4>\n<hr \/>\n<p>Le <strong>microplastiche<\/strong> rappresentano una grave minaccia per il nostro sistema immunitario. Quando pensiamo alle microplastiche, pensiamo innanzitutto alla plastica negli oceani, ma anche noi accumuliamo microplastiche nel nostro corpo, ad esempio residui di PET e molte altre. Anche voi bevete da bottiglie di PET, non \u00e8 vero?<br \/>\nL&#8217;azienda <strong>plastictox<\/strong> ha introdotto un nuovo test per determinare l&#8217;esposizione del corpo umano alle microplastiche. Se volete sapere se il vostro organismo ne \u00e8 affetto, andate su <a href=\"https:\/\/plastictox.com\/?coupon=safeblood\" target=\"_blank\" rel=\"noopener\">https:\/\/plastictox.com\/<\/a>, e inserite il codice SAFEBLOOD alla cassa per ricevere uno sconto del 10%.<\/p>\n<hr \/>\n<p><strong>Conoscete un altro metodo diagnostico di cui non siamo ancora a conoscenza? Per favore mandaci una <a href=\"mailto:info@safeblood.it\" target=\"_blank\" rel=\"noopener\">email<\/a>.<\/strong>[\/vc_column_text][\/vc_column][\/vc_row]\n","protected":false},"excerpt":{"rendered":"<p>[vc_row type=&#8221;in_container&#8221; full_screen_row_position=&#8221;middle&#8221; column_margin=&#8221;default&#8221; column_direction=&#8221;default&#8221; column_direction_tablet=&#8221;default&#8221; column_direction_phone=&#8221;default&#8221; scene_position=&#8221;center&#8221; text_color=&#8221;dark&#8221; text_align=&#8221;left&#8221; row_border_radius=&#8221;none&#8221; row_border_radius_applies=&#8221;bg&#8221; overlay_strength=&#8221;0.3&#8243; gradient_direction=&#8221;left_to_right&#8221; shape_divider_position=&#8221;bottom&#8221; bg_image_animation=&#8221;none&#8221;][vc_column column_padding=&#8221;no-extra-padding&#8221; column_padding_tablet=&#8221;inherit&#8221; column_padding_phone=&#8221;inherit&#8221; column_padding_position=&#8221;all&#8221; column_element_spacing=&#8221;default&#8221; background_color_opacity=&#8221;1&#8243; background_hover_color_opacity=&#8221;1&#8243; column_shadow=&#8221;none&#8221; column_border_radius=&#8221;none&#8221; column_link_target=&#8221;_self&#8221; gradient_direction=&#8221;left_to_right&#8221; overlay_strength=&#8221;0.3&#8243; width=&#8221;1\/1&#8243; tablet_width_inherit=&#8221;default&#8221;&#8230;<\/p>\n","protected":false},"author":2,"featured_media":0,"parent":0,"menu_order":0,"comment_status":"closed","ping_status":"closed","template":"","meta":[],"_links":{"self":[{"href":"https:\/\/safeblood.nl\/it\/wp-json\/wp\/v2\/pages\/76816"}],"collection":[{"href":"https:\/\/safeblood.nl\/it\/wp-json\/wp\/v2\/pages"}],"about":[{"href":"https:\/\/safeblood.nl\/it\/wp-json\/wp\/v2\/types\/page"}],"author":[{"embeddable":true,"href":"https:\/\/safeblood.nl\/it\/wp-json\/wp\/v2\/users\/2"}],"replies":[{"embeddable":true,"href":"https:\/\/safeblood.nl\/it\/wp-json\/wp\/v2\/comments?post=76816"}],"version-history":[{"count":16,"href":"https:\/\/safeblood.nl\/it\/wp-json\/wp\/v2\/pages\/76816\/revisions"}],"predecessor-version":[{"id":81500,"href":"https:\/\/safeblood.nl\/it\/wp-json\/wp\/v2\/pages\/76816\/revisions\/81500"}],"wp:attachment":[{"href":"https:\/\/safeblood.nl\/it\/wp-json\/wp\/v2\/media?parent=76816"}],"curies":[{"name":"wp","href":"https:\/\/api.w.org\/{rel}","templated":true}]}}