{"id":77028,"date":"2024-07-04T16:24:21","date_gmt":"2024-07-04T14:24:21","guid":{"rendered":"https:\/\/safeblood.nl\/?page_id=77028"},"modified":"2025-12-29T16:57:34","modified_gmt":"2025-12-29T15:57:34","slug":"biophotonic-bioresonance","status":"publish","type":"page","link":"https:\/\/safeblood.nl\/fr\/biophotonic-bioresonance\/","title":{"rendered":"BioPhotonic BioR\u00e9sonance"},"content":{"rendered":"[vc_row type=\u00a0\u00bbin_container\u00a0\u00bb full_screen_row_position=\u00a0\u00bbmiddle\u00a0\u00bb column_margin=\u00a0\u00bbdefault\u00a0\u00bb column_direction=\u00a0\u00bbdefault\u00a0\u00bb column_direction_tablet=\u00a0\u00bbdefault\u00a0\u00bb column_direction_phone=\u00a0\u00bbdefault\u00a0\u00bb scene_position=\u00a0\u00bbcenter\u00a0\u00bb text_color=\u00a0\u00bbdark\u00a0\u00bb text_align=\u00a0\u00bbleft\u00a0\u00bb row_border_radius=\u00a0\u00bbnone\u00a0\u00bb row_border_radius_applies=\u00a0\u00bbbg\u00a0\u00bb overlay_strength=\u00a0\u00bb0.3&Prime; gradient_direction=\u00a0\u00bbleft_to_right\u00a0\u00bb shape_divider_position=\u00a0\u00bbbottom\u00a0\u00bb bg_image_animation=\u00a0\u00bbnone\u00a0\u00bb shape_type=\u00a0\u00bb\u00a0\u00bb][vc_column column_padding=\u00a0\u00bbno-extra-padding\u00a0\u00bb column_padding_tablet=\u00a0\u00bbinherit\u00a0\u00bb column_padding_phone=\u00a0\u00bbinherit\u00a0\u00bb column_padding_position=\u00a0\u00bball\u00a0\u00bb top_margin=\u00a0\u00bb-90&Prime; top_margin_tablet=\u00a0\u00bb-90&Prime; top_margin_phone=\u00a0\u00bb-90&Prime; column_element_spacing=\u00a0\u00bbdefault\u00a0\u00bb background_color_opacity=\u00a0\u00bb1&Prime; background_hover_color_opacity=\u00a0\u00bb1&Prime; column_shadow=\u00a0\u00bbnone\u00a0\u00bb column_border_radius=\u00a0\u00bbnone\u00a0\u00bb column_link_target=\u00a0\u00bb_self\u00a0\u00bb gradient_direction=\u00a0\u00bbleft_to_right\u00a0\u00bb overlay_strength=\u00a0\u00bb0.3&Prime; width=\u00a0\u00bb1\/3&Prime; tablet_width_inherit=\u00a0\u00bbdefault\u00a0\u00bb tablet_text_alignment=\u00a0\u00bbdefault\u00a0\u00bb phone_text_alignment=\u00a0\u00bbdefault\u00a0\u00bb bg_image_animation=\u00a0\u00bbnone\u00a0\u00bb border_type=\u00a0\u00bbsimple\u00a0\u00bb column_border_width=\u00a0\u00bbnone\u00a0\u00bb column_border_style=\u00a0\u00bbsolid\u00a0\u00bb][image_with_animation image_url=\u00a0\u00bb76533&Prime; animation=\u00a0\u00bbNone\u00a0\u00bb hover_animation=\u00a0\u00bbnone\u00a0\u00bb alignment=\u00a0\u00bb\u00a0\u00bb img_link_target=\u00a0\u00bb_blank\u00a0\u00bb border_radius=\u00a0\u00bbnone\u00a0\u00bb box_shadow=\u00a0\u00bbnone\u00a0\u00bb image_loading=\u00a0\u00bbdefault\u00a0\u00bb max_width=\u00a0\u00bb100%\u00a0\u00bb max_width_mobile=\u00a0\u00bbdefault\u00a0\u00bb margin_top=\u00a0\u00bb70&Prime; margin_top_tablet=\u00a0\u00bb40&Prime; margin_top_phone=\u00a0\u00bb40&Prime; img_link=\u00a0\u00bbhttps:\/\/safeblood.net\/\u00a0\u00bb][\/vc_column][vc_column column_padding=\u00a0\u00bbno-extra-padding\u00a0\u00bb column_padding_tablet=\u00a0\u00bbinherit\u00a0\u00bb column_padding_phone=\u00a0\u00bbinherit\u00a0\u00bb column_padding_position=\u00a0\u00bball\u00a0\u00bb top_margin=\u00a0\u00bb-90&Prime; top_margin_tablet=\u00a0\u00bb-90&Prime; top_margin_phone=\u00a0\u00bb-90&Prime; column_element_spacing=\u00a0\u00bbdefault\u00a0\u00bb background_color_opacity=\u00a0\u00bb1&Prime; background_hover_color_opacity=\u00a0\u00bb1&Prime; column_shadow=\u00a0\u00bbnone\u00a0\u00bb column_border_radius=\u00a0\u00bbnone\u00a0\u00bb column_link_target=\u00a0\u00bb_self\u00a0\u00bb gradient_direction=\u00a0\u00bbleft_to_right\u00a0\u00bb overlay_strength=\u00a0\u00bb0.3&Prime; width=\u00a0\u00bb1\/3&Prime; tablet_width_inherit=\u00a0\u00bbdefault\u00a0\u00bb tablet_text_alignment=\u00a0\u00bbdefault\u00a0\u00bb phone_text_alignment=\u00a0\u00bbdefault\u00a0\u00bb bg_image_animation=\u00a0\u00bbnone\u00a0\u00bb border_type=\u00a0\u00bbsimple\u00a0\u00bb column_border_width=\u00a0\u00bbnone\u00a0\u00bb column_border_style=\u00a0\u00bbsolid\u00a0\u00bb][image_with_animation image_url=\u00a0\u00bb76493&Prime; animation=\u00a0\u00bbNone\u00a0\u00bb hover_animation=\u00a0\u00bbnone\u00a0\u00bb alignment=\u00a0\u00bbcenter\u00a0\u00bb img_link_target=\u00a0\u00bb_blank\u00a0\u00bb border_radius=\u00a0\u00bbnone\u00a0\u00bb box_shadow=\u00a0\u00bbnone\u00a0\u00bb image_loading=\u00a0\u00bbdefault\u00a0\u00bb max_width=\u00a0\u00bb75%\u00a0\u00bb max_width_mobile=\u00a0\u00bbdefault\u00a0\u00bb margin_top=\u00a0\u00bb50&Prime; margin_top_tablet=\u00a0\u00bb50&Prime; margin_top_phone=\u00a0\u00bb50&Prime; img_link=\u00a0\u00bbhttps:\/\/biophotonic.uk\/\u00a0\u00bb margin_left=\u00a0\u00bb10&Prime; margin_left_tablet=\u00a0\u00bb10&Prime; margin_left_phone=\u00a0\u00bb10&Prime;][\/vc_column][vc_column column_padding=\u00a0\u00bbno-extra-padding\u00a0\u00bb column_padding_tablet=\u00a0\u00bbinherit\u00a0\u00bb column_padding_phone=\u00a0\u00bbinherit\u00a0\u00bb column_padding_position=\u00a0\u00bball\u00a0\u00bb top_margin=\u00a0\u00bb-90&Prime; top_margin_tablet=\u00a0\u00bb-90&Prime; top_margin_phone=\u00a0\u00bb-90&Prime; column_element_spacing=\u00a0\u00bbdefault\u00a0\u00bb background_color_opacity=\u00a0\u00bb1&Prime; background_hover_color_opacity=\u00a0\u00bb1&Prime; column_shadow=\u00a0\u00bbnone\u00a0\u00bb column_border_radius=\u00a0\u00bbnone\u00a0\u00bb column_link_target=\u00a0\u00bb_self\u00a0\u00bb gradient_direction=\u00a0\u00bbleft_to_right\u00a0\u00bb overlay_strength=\u00a0\u00bb0.3&Prime; width=\u00a0\u00bb1\/3&Prime; tablet_width_inherit=\u00a0\u00bbdefault\u00a0\u00bb tablet_text_alignment=\u00a0\u00bbdefault\u00a0\u00bb phone_text_alignment=\u00a0\u00bbdefault\u00a0\u00bb bg_image_animation=\u00a0\u00bbnone\u00a0\u00bb border_type=\u00a0\u00bbsimple\u00a0\u00bb column_border_width=\u00a0\u00bbnone\u00a0\u00bb column_border_style=\u00a0\u00bbsolid\u00a0\u00bb][image_with_animation image_url=\u00a0\u00bb76553&Prime; animation=\u00a0\u00bbNone\u00a0\u00bb hover_animation=\u00a0\u00bbnone\u00a0\u00bb alignment=\u00a0\u00bb\u00a0\u00bb img_link_target=\u00a0\u00bb_blank\u00a0\u00bb border_radius=\u00a0\u00bbnone\u00a0\u00bb box_shadow=\u00a0\u00bbnone\u00a0\u00bb image_loading=\u00a0\u00bbdefault\u00a0\u00bb max_width=\u00a0\u00bb100%\u00a0\u00bb max_width_mobile=\u00a0\u00bbdefault\u00a0\u00bb margin_top=\u00a0\u00bb50&Prime; margin_top_tablet=\u00a0\u00bb55&Prime; margin_top_phone=\u00a0\u00bb55&Prime; img_link=\u00a0\u00bbhttps:\/\/safereproduction.net\/\u00a0\u00bb][\/vc_column][\/vc_row][vc_row type=\u00a0\u00bbin_container\u00a0\u00bb full_screen_row_position=\u00a0\u00bbmiddle\u00a0\u00bb column_margin=\u00a0\u00bbdefault\u00a0\u00bb column_direction=\u00a0\u00bbdefault\u00a0\u00bb column_direction_tablet=\u00a0\u00bbdefault\u00a0\u00bb column_direction_phone=\u00a0\u00bbdefault\u00a0\u00bb scene_position=\u00a0\u00bbcenter\u00a0\u00bb text_color=\u00a0\u00bbdark\u00a0\u00bb text_align=\u00a0\u00bbleft\u00a0\u00bb row_border_radius=\u00a0\u00bbnone\u00a0\u00bb row_border_radius_applies=\u00a0\u00bbbg\u00a0\u00bb overlay_strength=\u00a0\u00bb0.3&Prime; gradient_direction=\u00a0\u00bbleft_to_right\u00a0\u00bb shape_divider_position=\u00a0\u00bbbottom\u00a0\u00bb bg_image_animation=\u00a0\u00bbnone\u00a0\u00bb][vc_column column_padding=\u00a0\u00bbno-extra-padding\u00a0\u00bb column_padding_tablet=\u00a0\u00bbinherit\u00a0\u00bb column_padding_phone=\u00a0\u00bbinherit\u00a0\u00bb column_padding_position=\u00a0\u00bball\u00a0\u00bb column_element_spacing=\u00a0\u00bbdefault\u00a0\u00bb background_color_opacity=\u00a0\u00bb1&Prime; background_hover_color_opacity=\u00a0\u00bb1&Prime; column_shadow=\u00a0\u00bbnone\u00a0\u00bb column_border_radius=\u00a0\u00bbnone\u00a0\u00bb column_link_target=\u00a0\u00bb_self\u00a0\u00bb gradient_direction=\u00a0\u00bbleft_to_right\u00a0\u00bb overlay_strength=\u00a0\u00bb0.3&Prime; width=\u00a0\u00bb1\/1&Prime; tablet_width_inherit=\u00a0\u00bbdefault\u00a0\u00bb tablet_text_alignment=\u00a0\u00bbdefault\u00a0\u00bb phone_text_alignment=\u00a0\u00bbdefault\u00a0\u00bb bg_image_animation=\u00a0\u00bbnone\u00a0\u00bb border_type=\u00a0\u00bbsimple\u00a0\u00bb column_border_width=\u00a0\u00bbnone\u00a0\u00bb column_border_style=\u00a0\u00bbsolid\u00a0\u00bb][vc_column_text css=\u00a0\u00bb.vc_custom_1720102059531{margin-top: -50px !important;}\u00a0\u00bb]\n<h1 style=\"text-align: center;\" align=\"left\"><b>BioPhotonic BioR\u00e9sonance<\/b><\/h1>\n[\/vc_column_text][\/vc_column][\/vc_row][vc_row type=\u00a0\u00bbin_container\u00a0\u00bb full_screen_row_position=\u00a0\u00bbmiddle\u00a0\u00bb column_margin=\u00a0\u00bbdefault\u00a0\u00bb column_direction=\u00a0\u00bbdefault\u00a0\u00bb column_direction_tablet=\u00a0\u00bbdefault\u00a0\u00bb column_direction_phone=\u00a0\u00bbdefault\u00a0\u00bb scene_position=\u00a0\u00bbcenter\u00a0\u00bb text_color=\u00a0\u00bbdark\u00a0\u00bb text_align=\u00a0\u00bbleft\u00a0\u00bb row_border_radius=\u00a0\u00bbnone\u00a0\u00bb row_border_radius_applies=\u00a0\u00bbbg\u00a0\u00bb overlay_strength=\u00a0\u00bb0.3&Prime; gradient_direction=\u00a0\u00bbleft_to_right\u00a0\u00bb shape_divider_position=\u00a0\u00bbbottom\u00a0\u00bb bg_image_animation=\u00a0\u00bbnone\u00a0\u00bb][vc_column column_padding=\u00a0\u00bbno-extra-padding\u00a0\u00bb column_padding_tablet=\u00a0\u00bbinherit\u00a0\u00bb column_padding_phone=\u00a0\u00bbinherit\u00a0\u00bb column_padding_position=\u00a0\u00bball\u00a0\u00bb column_element_spacing=\u00a0\u00bbdefault\u00a0\u00bb background_color_opacity=\u00a0\u00bb1&Prime; background_hover_color_opacity=\u00a0\u00bb1&Prime; column_shadow=\u00a0\u00bbnone\u00a0\u00bb column_border_radius=\u00a0\u00bbnone\u00a0\u00bb column_link_target=\u00a0\u00bb_self\u00a0\u00bb gradient_direction=\u00a0\u00bbleft_to_right\u00a0\u00bb overlay_strength=\u00a0\u00bb0.3&Prime; width=\u00a0\u00bb1\/1&Prime; tablet_width_inherit=\u00a0\u00bbdefault\u00a0\u00bb tablet_text_alignment=\u00a0\u00bbdefault\u00a0\u00bb phone_text_alignment=\u00a0\u00bbdefault\u00a0\u00bb bg_image_animation=\u00a0\u00bbnone\u00a0\u00bb border_type=\u00a0\u00bbsimple\u00a0\u00bb column_border_width=\u00a0\u00bbnone\u00a0\u00bb column_border_style=\u00a0\u00bbsolid\u00a0\u00bb][vc_column_text css=\u00a0\u00bb.vc_custom_1767023849544{margin-top: -20px !important;}\u00a0\u00bb]\n<p align=\"left\">Depuis l&rsquo;introduction de <a href=\"https:\/\/safeblood.net\/fr\/\" target=\"_blank\" rel=\"noopener\">SafeBlood<\/a> et de <a href=\"https:\/\/safereproduction.net\/\" target=\"_blank\" rel=\"noopener\">Safereproduction<\/a>, nous cherchons des m\u00e9thodes de traitement efficaces pour \u00e9liminer les r\u00e9sidus nocifs des vaccins ARNm de nos organismes. Il s&rsquo;agit d&rsquo;un d\u00e9fi majeur, car la technique de l&rsquo;ARNm endommage l&rsquo;organisme \u00e0 de multiples niveaux.<\/p>\n<p align=\"left\">L&rsquo;un des moyens les plus efficaces est certainement de s&rsquo;attaquer au \u00ab\u00a0centre de commandement\u00a0\u00bb de l&rsquo;organisme, qui fonctionne \u00e0 l&rsquo;\u00e9nergie ; les fr\u00e9quences, les impulsions \u00e9lectriques contr\u00f4lent la biochimie et donc l&rsquo;ensemble du m\u00e9tabolisme.<\/p>\n<p align=\"left\">Heureusement, <a href=\"https:\/\/biophotonic.uk\/\" target=\"_blank\" rel=\"noopener\">BioPhotonics<\/a> a lanc\u00e9 une nouvelle gamme d&rsquo;appareils de bior\u00e9sonance quantique qui permettent d&rsquo;agir sur ces trois points cl\u00e9s, parmi de nombreux autres avantages :<\/p>\n<ol>\n<li>\n<p align=\"left\"><b>D\u00e9sintoxication<\/b> des r\u00e9sidus de tout vaccin Covid19<\/p>\n<\/li>\n<li>\n<p align=\"left\"><b>Protection contre les CEM et le stress g\u00e9opathique<\/b> (WIFI, G5, smarthones, etc.)<\/p>\n<\/li>\n<li>\n<p align=\"left\"><b>R\u00e9paration de l&rsquo;ADN<\/b><\/p>\n<\/li>\n<\/ol>\n<p align=\"left\">Cette derni\u00e8re caract\u00e9ristique est la plus \u00e9tonnante, car je ne connais aucune autre m\u00e9thode capable de r\u00e9parer l&rsquo;ADN endommag\u00e9, qui est malheureusement l&rsquo;un des effets secondaires les plus graves des vaccins ARNm.<\/p>\n<p align=\"left\">Ces appareils sont petits, portables, abordables et pr\u00e9sentent de nombreux avantages pour toutes sortes de probl\u00e8mes de sant\u00e9 : pr\u00e9vention, th\u00e9rapie, protection et, surtout, d\u00e9sintoxication.<br \/>\n<em>Voici la gamme de produits :<\/em><br \/>\n<a href=\"https:\/\/biophotonic.uk\/\" target=\"_blank\" rel=\"noopener\"><img loading=\"lazy\" class=\"aligncenter size-large wp-image-76564\" src=\"https:\/\/safeblood.nl\/wp-content\/uploads\/2024\/06\/biophotonics-pic-1-1024x582.jpg\" alt=\"\" width=\"1024\" height=\"582\" srcset=\"https:\/\/safeblood.nl\/wp-content\/uploads\/2024\/06\/biophotonics-pic-1-1024x582.jpg 1024w, https:\/\/safeblood.nl\/wp-content\/uploads\/2024\/06\/biophotonics-pic-1-300x170.jpg 300w, https:\/\/safeblood.nl\/wp-content\/uploads\/2024\/06\/biophotonics-pic-1-768x436.jpg 768w, https:\/\/safeblood.nl\/wp-content\/uploads\/2024\/06\/biophotonics-pic-1-1536x872.jpg 1536w, https:\/\/safeblood.nl\/wp-content\/uploads\/2024\/06\/biophotonics-pic-1-2048x1163.jpg 2048w\" sizes=\"(max-width: 1024px) 100vw, 1024px\" \/><\/a><\/p>\n<p align=\"left\"><span lang=\"fr-CA\">Notre principal int\u00e9r\u00eat est, bien s\u00fbr, l&rsquo;\u00e9limination des r\u00e9sidus de vaccins ARNm. Mais il y a tant d&rsquo;avantages pour la sant\u00e9 en g\u00e9n\u00e9ral, comme la protection contre les g\u00e9opathies. BioPhotonics a men\u00e9 plusieurs \u00e9tudes avec des analyses de sang vivant pour documenter les avantages de ses appareils. La vid\u00e9o suivante est un exemple de protection contre le rayonnement G5 ou un rayonnement similaire pour les t\u00e9l\u00e9phones portables <\/span>:<iframe loading=\"lazy\" title=\"YouTube video player\" src=\"https:\/\/www.youtube.com\/embed\/1V8FnD8eyt0?si=chHr3heBxGtdcEUt\" width=\"560\" height=\"315\" frameborder=\"0\" allowfullscreen=\"allowfullscreen\" data-mce-fragment=\"1\"><\/iframe><\/p>\n<p align=\"left\"><span lang=\"fr-CA\">J&rsquo;ai travaill\u00e9 avec toutes sortes d&rsquo;appareils de fr\u00e9quence dans ma pratique naturopathique : Bior\u00e9sonance, g\u00e9n\u00e9rateurs de fr\u00e9quences (tant pour le diagnostic que pour le traitement) selon le Dr Clark ou Rife, champ magn\u00e9tique, etc. etc. et j&rsquo;ai toujours \u00e9t\u00e9 \u00e9tonn\u00e9e de leur efficacit\u00e9.\u00a0<\/span><span lang=\"fr-CA\">Les appareils de fr\u00e9quence que j&rsquo;utilisais dans ma clinique \u00e9taient bien s\u00fbr de grande taille, tr\u00e8s co\u00fbteux (nous parlons de centaines de milliers de dollars d&rsquo;appareils) et n\u00e9cessitaient des connaissances m\u00e9dicales approfondies. Les <\/span><span lang=\"fr-CA\"><b>appareils BioPhotonic<\/b><\/span><span lang=\"fr-CA\"> sont, comme je l&rsquo;ai dit,<\/span><span lang=\"fr-CA\"><b> petits et portables<\/b><\/span><span lang=\"fr-CA\"> et ne sont certes pas bon march\u00e9, mais <\/span><span lang=\"fr-CA\"><b>abordables<\/b><\/span><span lang=\"fr-CA\">. Vous n&rsquo;avez pas non plus besoin de connaissances m\u00e9dicales, il vous suffit de suivre les instructions et, en tout \u00e9tat de cause, ils ne peuvent pas vous faire de mal<\/span>.<\/p>\n<p align=\"left\"><span lang=\"fr-CA\">Nous sommes heureux que <\/span><span lang=\"fr-CA\"><b>BioPhotonic offre une remise de 10 %<\/b><\/span><span lang=\"fr-CA\"> sur tous ses appareils aux <\/span><span lang=\"fr-CA\"><b>abonn\u00e9s de la newsletter<\/b><\/span><span lang=\"fr-CA\"> de SafeBlood, et de <\/span><span lang=\"fr-CA\"><b>20 % aux membres de SafeBlood<\/b><\/span><span lang=\"fr-CA\">. Cliquez sur le bouton rouge ci-dessous pour commander ou simplement pour en savoir plus sur les principes ou les produits en d\u00e9tail<\/span>.<\/p>\n<p align=\"left\"><span lang=\"fr-CA\">Pour b\u00e9n\u00e9ficier de l<\/span><span lang=\"fr-CA\"><b>a r\u00e9duction pour les membres de SafeBlood<\/b><\/span><span lang=\"fr-CA\">, ajoutez ce code de r\u00e9duction<\/span><span style=\"color: #ff0000;\">*<\/span>  <span lang=\"fr-CA\">\u00e0 votre commande. Saisissez-le dans le champ \u00ab\u00a0Code de r\u00e9duction\u00a0\u00bb lors de la validation de votre commande<\/span>.<br \/>\n<span style=\"color: #ff0000;\">*<\/span><em><span lang=\"fr-CA\">Vous ne verrez le code ici que si vous \u00eates connect\u00e9 en tant que membre de SafeBlood. Si vous ne voyez pas de code ici, veuillez vous rendre sur la page de connexion de SafeBlood avant de revenir \u00e0 cette page.<\/span><\/em><\/p>\n<p align=\"left\"><span lang=\"fr-CA\">Pour b\u00e9n\u00e9ficier de <\/span><span lang=\"fr-CA\"><b>la r\u00e9duction pour les abonn\u00e9s au bulletin d&rsquo;information de SafeBlood<\/b><\/span><span lang=\"fr-CA\">, ajoutez le code SB10 \u00e0 votre commande ou le code que vous trouverez dans la newsletter dans laquelle nous avons annonc\u00e9 notre collaboration avec BioPhotonic. Vous pouvez trouver les archives de notre bulletin d&rsquo;information<\/span>\u00a0<a href=\"https:\/\/safeblood.net\/fr\/archives-du-bulletin-dinformation\/\" target=\"_blank\" rel=\"noopener\">ici<\/a>.<br \/>\n<em><span lang=\"fr-CA\">Veuillez noter que vous ne pouvez pas combiner deux codes de r\u00e9duction.<\/span><\/em><\/p>\n<p align=\"left\"><span lang=\"fr-CA\">Si vous souhaitez <\/span><span lang=\"fr-CA\"><b>devenir membre d\u00e8s maintenant<\/b><\/span><span lang=\"fr-CA\">, vous pouvez le faire <\/span><a href=\"https:\/\/safeblood.net\/fr\/devenir-membre\/\" target=\"_blank\" rel=\"noopener\">ici<\/a>.<br \/>\n<span lang=\"fr-CA\">Une fois l&rsquo;inscription r\u00e9ussie, vous \u00eates imm\u00e9diatement membre et vous pouvez poursuivre votre commande. Rafra\u00eechissez cette page pour voir le code de r\u00e9duction avant d&rsquo;appuyer sur le bouton rouge.<\/span><\/p>\n[\/vc_column_text][\/vc_column][\/vc_row][vc_row type=\u00a0\u00bbin_container\u00a0\u00bb full_screen_row_position=\u00a0\u00bbmiddle\u00a0\u00bb column_margin=\u00a0\u00bbdefault\u00a0\u00bb column_direction=\u00a0\u00bbdefault\u00a0\u00bb column_direction_tablet=\u00a0\u00bbdefault\u00a0\u00bb column_direction_phone=\u00a0\u00bbdefault\u00a0\u00bb scene_position=\u00a0\u00bbcenter\u00a0\u00bb text_color=\u00a0\u00bbdark\u00a0\u00bb text_align=\u00a0\u00bbleft\u00a0\u00bb row_border_radius=\u00a0\u00bbnone\u00a0\u00bb row_border_radius_applies=\u00a0\u00bbbg\u00a0\u00bb overlay_strength=\u00a0\u00bb0.3&Prime; gradient_direction=\u00a0\u00bbleft_to_right\u00a0\u00bb shape_divider_position=\u00a0\u00bbbottom\u00a0\u00bb bg_image_animation=\u00a0\u00bbnone\u00a0\u00bb][vc_column column_padding=\u00a0\u00bbno-extra-padding\u00a0\u00bb column_padding_tablet=\u00a0\u00bbinherit\u00a0\u00bb column_padding_phone=\u00a0\u00bbinherit\u00a0\u00bb column_padding_position=\u00a0\u00bball\u00a0\u00bb column_element_spacing=\u00a0\u00bbdefault\u00a0\u00bb centered_text=\u00a0\u00bbtrue\u00a0\u00bb background_color_opacity=\u00a0\u00bb1&Prime; background_hover_color_opacity=\u00a0\u00bb1&Prime; column_shadow=\u00a0\u00bbnone\u00a0\u00bb column_border_radius=\u00a0\u00bbnone\u00a0\u00bb column_link_target=\u00a0\u00bb_self\u00a0\u00bb gradient_direction=\u00a0\u00bbleft_to_right\u00a0\u00bb overlay_strength=\u00a0\u00bb0.3&Prime; width=\u00a0\u00bb1\/1&Prime; tablet_width_inherit=\u00a0\u00bbdefault\u00a0\u00bb tablet_text_alignment=\u00a0\u00bbdefault\u00a0\u00bb phone_text_alignment=\u00a0\u00bbdefault\u00a0\u00bb bg_image_animation=\u00a0\u00bbnone\u00a0\u00bb border_type=\u00a0\u00bbsimple\u00a0\u00bb column_border_width=\u00a0\u00bbnone\u00a0\u00bb column_border_style=\u00a0\u00bbsolid\u00a0\u00bb][nectar_btn size=\u00a0\u00bbjumbo\u00a0\u00bb open_new_tab=\u00a0\u00bbtrue\u00a0\u00bb button_style=\u00a0\u00bbregular\u00a0\u00bb button_color_2=\u00a0\u00bbAccent-Color\u00a0\u00bb icon_family=\u00a0\u00bbdefault_arrow\u00a0\u00bb text=\u00a0\u00bbPour plus d&rsquo;explications et le formulaire de commande, rendez-vous sur le site de BioPhotonic.\u00a0\u00bb url=\u00a0\u00bbhttps:\/\/biophotonic.uk\/\u00a0\u00bb][\/vc_column][\/vc_row][vc_row type=\u00a0\u00bbin_container\u00a0\u00bb full_screen_row_position=\u00a0\u00bbmiddle\u00a0\u00bb column_margin=\u00a0\u00bbdefault\u00a0\u00bb column_direction=\u00a0\u00bbdefault\u00a0\u00bb column_direction_tablet=\u00a0\u00bbdefault\u00a0\u00bb column_direction_phone=\u00a0\u00bbdefault\u00a0\u00bb scene_position=\u00a0\u00bbcenter\u00a0\u00bb text_color=\u00a0\u00bbdark\u00a0\u00bb text_align=\u00a0\u00bbleft\u00a0\u00bb row_border_radius=\u00a0\u00bbnone\u00a0\u00bb row_border_radius_applies=\u00a0\u00bbbg\u00a0\u00bb overlay_strength=\u00a0\u00bb0.3&Prime; gradient_direction=\u00a0\u00bbleft_to_right\u00a0\u00bb shape_divider_position=\u00a0\u00bbbottom\u00a0\u00bb bg_image_animation=\u00a0\u00bbnone\u00a0\u00bb][vc_column column_padding=\u00a0\u00bbno-extra-padding\u00a0\u00bb column_padding_tablet=\u00a0\u00bbinherit\u00a0\u00bb column_padding_phone=\u00a0\u00bbinherit\u00a0\u00bb column_padding_position=\u00a0\u00bball\u00a0\u00bb column_element_spacing=\u00a0\u00bbdefault\u00a0\u00bb background_color_opacity=\u00a0\u00bb1&Prime; background_hover_color_opacity=\u00a0\u00bb1&Prime; column_shadow=\u00a0\u00bbnone\u00a0\u00bb column_border_radius=\u00a0\u00bbnone\u00a0\u00bb column_link_target=\u00a0\u00bb_self\u00a0\u00bb gradient_direction=\u00a0\u00bbleft_to_right\u00a0\u00bb overlay_strength=\u00a0\u00bb0.3&Prime; width=\u00a0\u00bb1\/1&Prime; tablet_width_inherit=\u00a0\u00bbdefault\u00a0\u00bb tablet_text_alignment=\u00a0\u00bbdefault\u00a0\u00bb phone_text_alignment=\u00a0\u00bbdefault\u00a0\u00bb bg_image_animation=\u00a0\u00bbnone\u00a0\u00bb border_type=\u00a0\u00bbsimple\u00a0\u00bb column_border_width=\u00a0\u00bbnone\u00a0\u00bb column_border_style=\u00a0\u00bbsolid\u00a0\u00bb][vc_column_text]\n<p align=\"left\"><span lang=\"fr-CA\">Un dernier commentaire : Dans ma pratique naturopathique, j&rsquo;ai toujours commenc\u00e9 par essayer sur moi-m\u00eame toutes les m\u00e9thodes que j&rsquo;utilise pour mes patients. Chez SafeBlood, nous avons \u00e9galement test\u00e9 nous-m\u00eames les appareils mentionn\u00e9s et avons constat\u00e9 des effets significatifs.<\/span><\/p>\n<p align=\"left\"><span lang=\"fr-CA\">Nous vous recommandons \u00e9galement de vous abonner \u00e0 la page YouTube de BioPhotonics, o\u00f9 vous trouverez de nombreuses vid\u00e9os avec des instructions, des commentaires d&rsquo;utilisateurs et des d\u00e9tails <\/span>:<\/p>\n<p><a href=\"https:\/\/www.youtube.com\/@biophotonic791\" target=\"_blank\" rel=\"noopener\">https:\/\/www.youtube.com\/@biophotonic791<\/a><\/p>\n<p><b>CLAUSE DE NON-RESPONSABILIT\u00c9 :<\/b><br \/>\nSAFE BLOOD NE FOURNIT PAS DE CONSEILS M\u00c9DICAUX.<br \/>\nLes informations, y compris, mais sans s&rsquo;y limiter, les textes, les graphiques, les images et tout autre mat\u00e9riel publi\u00e9 ou transmis par Safe Blood Donation et ses affili\u00e9s, directeurs, responsables, gestionnaires, employ\u00e9s ou autres repr\u00e9sentants sont uniquement destin\u00e9s \u00e0 des fins d&rsquo;information. Aucun mat\u00e9riel n&rsquo;est destin\u00e9 \u00e0 se substituer \u00e0 un conseil m\u00e9dical professionnel, \u00e0 un diagnostic ou \u00e0 un traitement. Demandez toujours l&rsquo;avis de votre fournisseur de soins de sant\u00e9 de confiance pour toute question que vous pourriez avoir concernant un \u00e9tat de sant\u00e9 ou un traitement, avant d&rsquo;entreprendre un nouveau r\u00e9gime de soins de sant\u00e9, et ne n\u00e9gligez jamais un avis m\u00e9dical professionnel ou ne tardez pas \u00e0 le demander \u00e0 cause de quelque chose que vous avez lu ou vu dans une publication ou une transmission de Safe Blood Donation.[\/vc_column_text][\/vc_column][\/vc_row]\n","protected":false},"excerpt":{"rendered":"<p>[vc_row type=\u00a0\u00bbin_container\u00a0\u00bb full_screen_row_position=\u00a0\u00bbmiddle\u00a0\u00bb column_margin=\u00a0\u00bbdefault\u00a0\u00bb column_direction=\u00a0\u00bbdefault\u00a0\u00bb column_direction_tablet=\u00a0\u00bbdefault\u00a0\u00bb column_direction_phone=\u00a0\u00bbdefault\u00a0\u00bb scene_position=\u00a0\u00bbcenter\u00a0\u00bb text_color=\u00a0\u00bbdark\u00a0\u00bb text_align=\u00a0\u00bbleft\u00a0\u00bb row_border_radius=\u00a0\u00bbnone\u00a0\u00bb row_border_radius_applies=\u00a0\u00bbbg\u00a0\u00bb overlay_strength=\u00a0\u00bb0.3&Prime; gradient_direction=\u00a0\u00bbleft_to_right\u00a0\u00bb shape_divider_position=\u00a0\u00bbbottom\u00a0\u00bb bg_image_animation=\u00a0\u00bbnone\u00a0\u00bb shape_type=\u00a0\u00bb\u00a0\u00bb][vc_column column_padding=\u00a0\u00bbno-extra-padding\u00a0\u00bb column_padding_tablet=\u00a0\u00bbinherit\u00a0\u00bb column_padding_phone=\u00a0\u00bbinherit\u00a0\u00bb column_padding_position=\u00a0\u00bball\u00a0\u00bb top_margin=\u00a0\u00bb-90&Prime; top_margin_tablet=\u00a0\u00bb-90&Prime; top_margin_phone=\u00a0\u00bb-90&Prime; column_element_spacing=\u00a0\u00bbdefault\u00a0\u00bb background_color_opacity=\u00a0\u00bb1&Prime; background_hover_color_opacity=\u00a0\u00bb1&Prime; column_shadow=\u00a0\u00bbnone\u00a0\u00bb column_border_radius=\u00a0\u00bbnone\u00a0\u00bb column_link_target=\u00a0\u00bb_self\u00a0\u00bb&#8230;<\/p>\n","protected":false},"author":2,"featured_media":0,"parent":0,"menu_order":0,"comment_status":"closed","ping_status":"closed","template":"","meta":[],"_links":{"self":[{"href":"https:\/\/safeblood.nl\/fr\/wp-json\/wp\/v2\/pages\/77028"}],"collection":[{"href":"https:\/\/safeblood.nl\/fr\/wp-json\/wp\/v2\/pages"}],"about":[{"href":"https:\/\/safeblood.nl\/fr\/wp-json\/wp\/v2\/types\/page"}],"author":[{"embeddable":true,"href":"https:\/\/safeblood.nl\/fr\/wp-json\/wp\/v2\/users\/2"}],"replies":[{"embeddable":true,"href":"https:\/\/safeblood.nl\/fr\/wp-json\/wp\/v2\/comments?post=77028"}],"version-history":[{"count":5,"href":"https:\/\/safeblood.nl\/fr\/wp-json\/wp\/v2\/pages\/77028\/revisions"}],"predecessor-version":[{"id":81382,"href":"https:\/\/safeblood.nl\/fr\/wp-json\/wp\/v2\/pages\/77028\/revisions\/81382"}],"wp:attachment":[{"href":"https:\/\/safeblood.nl\/fr\/wp-json\/wp\/v2\/media?parent=77028"}],"curies":[{"name":"wp","href":"https:\/\/api.w.org\/{rel}","templated":true}]}}