{"id":74294,"date":"2024-03-04T17:06:27","date_gmt":"2024-03-04T16:06:27","guid":{"rendered":"https:\/\/safeblood.nl\/?page_id=74294"},"modified":"2024-03-06T13:47:59","modified_gmt":"2024-03-06T12:47:59","slug":"conditions-generales-dutilisation","status":"publish","type":"page","link":"https:\/\/safeblood.nl\/fr\/conditions-generales-dutilisation\/","title":{"rendered":"Conditions g\u00e9n\u00e9rales d&rsquo;utilisation"},"content":{"rendered":"[vc_row type=\u00a0\u00bbin_container\u00a0\u00bb full_screen_row_position=\u00a0\u00bbmiddle\u00a0\u00bb column_margin=\u00a0\u00bbdefault\u00a0\u00bb column_direction=\u00a0\u00bbdefault\u00a0\u00bb column_direction_tablet=\u00a0\u00bbdefault\u00a0\u00bb column_direction_phone=\u00a0\u00bbdefault\u00a0\u00bb scene_position=\u00a0\u00bbcenter\u00a0\u00bb text_color=\u00a0\u00bbdark\u00a0\u00bb text_align=\u00a0\u00bbleft\u00a0\u00bb row_border_radius=\u00a0\u00bbnone\u00a0\u00bb row_border_radius_applies=\u00a0\u00bbbg\u00a0\u00bb overlay_strength=\u00a0\u00bb0.3&Prime; gradient_direction=\u00a0\u00bbleft_to_right\u00a0\u00bb shape_divider_position=\u00a0\u00bbbottom\u00a0\u00bb bg_image_animation=\u00a0\u00bbnone\u00a0\u00bb][vc_column column_padding=\u00a0\u00bbno-extra-padding\u00a0\u00bb column_padding_tablet=\u00a0\u00bbinherit\u00a0\u00bb column_padding_phone=\u00a0\u00bbinherit\u00a0\u00bb column_padding_position=\u00a0\u00bball\u00a0\u00bb column_element_spacing=\u00a0\u00bbdefault\u00a0\u00bb background_color_opacity=\u00a0\u00bb1&Prime; background_hover_color_opacity=\u00a0\u00bb1&Prime; column_shadow=\u00a0\u00bbnone\u00a0\u00bb column_border_radius=\u00a0\u00bbnone\u00a0\u00bb column_link_target=\u00a0\u00bb_self\u00a0\u00bb gradient_direction=\u00a0\u00bbleft_to_right\u00a0\u00bb overlay_strength=\u00a0\u00bb0.3&Prime; width=\u00a0\u00bb1\/1&Prime; tablet_width_inherit=\u00a0\u00bbdefault\u00a0\u00bb tablet_text_alignment=\u00a0\u00bbdefault\u00a0\u00bb phone_text_alignment=\u00a0\u00bbdefault\u00a0\u00bb bg_image_animation=\u00a0\u00bbnone\u00a0\u00bb border_type=\u00a0\u00bbsimple\u00a0\u00bb column_border_width=\u00a0\u00bbnone\u00a0\u00bb column_border_style=\u00a0\u00bbsolid\u00a0\u00bb][vc_column_text]\n<div class=\"page\" title=\"Page 1\">\n<div class=\"section\">\n<p lang=\"de-CH\">Pour poursuivre la proc\u00e9dure d&rsquo;enregistrement, veuillez d&rsquo;abord lire le texte ci-dessous. En cliquant sur la case en bas de page, vous confirmez que vous avez lu, compris et accept\u00e9 les conditions g\u00e9n\u00e9rales.<\/p>\n<p lang=\"de-CH\"><b>Conditions g\u00e9n\u00e9rales d&rsquo;utilisation<\/b><\/p>\n<p lang=\"de-CH\">En m&rsquo;inscrivant comme membre de SafeBlood Donation, je reconnais ce qui suit :<\/p>\n<ul>\n<li>\n<p lang=\"de-CH\">J&rsquo;accepte que mes informations soient utilis\u00e9es par SafeBlood Donation pour trouver un donneur de sang appropri\u00e9. En contrepartie, SafeBlood Donation s&rsquo;engage \u00e0 ne jamais divulguer ces informations \u00e0 un tiers. Les noms ne seront r\u00e9v\u00e9l\u00e9s et communiqu\u00e9s qu&rsquo;au moment o\u00f9 le donneur et le receveur seront appari\u00e9s en personne.<\/p>\n<\/li>\n<li>\n<p lang=\"de-CH\">Dans le cas d&rsquo;une recommandation, le syst\u00e8me Safeblood trouve un donneur appropri\u00e9 sur le site web et envoie au receveur les coordonn\u00e9es de 4 \u00e0 5 donneurs. Le receveur les contacte ensuite pour organiser le processus et le lieu du don.J&rsquo;accepte que, dans le cas d&rsquo;une recommandation de Safeblood, mes coordonn\u00e9es soient communiqu\u00e9es au receveur et qu&rsquo;il me contacte directement.<\/p>\n<\/li>\n<li>\n<p lang=\"de-CH\">Je d\u00e9gage de toute responsabilit\u00e9 les donneurs potentiels, les receveurs, les institutions m\u00e9dicales concern\u00e9es et SafeBlood Donation en tant qu&rsquo;interm\u00e9diaire.<\/p>\n<\/li>\n<li>\n<p lang=\"de-CH\">Je remplis correctement tous les champs lors de la saisie de mes informations.Je suis conscient(e) que de fausses informations, en particulier concernant mon statut vaccinal et mes donn\u00e9es personnelles, sont trompeuses et peuvent entra\u00eener non seulement l&rsquo;exclusion imm\u00e9diate de l&rsquo;association, mais aussi des poursuites p\u00e9nales. Il est aussi important pour moi que pour tout autre receveur potentiel d&rsquo;avoir la certitude absolue que seul du sang provenant de membres non vaccin\u00e9s sera fourni ici.<\/p>\n<\/li>\n<li>\n<p lang=\"de-CH\">Je sais que je peux \u00e9galement mettre \u00e0 jour ult\u00e9rieurement les champs \u00e0 tout moment pour les actualiser. Par exemple, si je ne connais pas mon groupe sanguin au moment de l&rsquo;inscription, je peux encore m&rsquo;inscrire et l&rsquo;ajouter plus tard. Toutefois, le fonctionnement du service de comparaison des donneurs de sang d\u00e9pend de l&rsquo;indication correcte des groupes sanguins par tous les membres, car c&rsquo;est la seule fa\u00e7on de trouver facilement un donneur de sang pour mon groupe sanguin \u00e0 tout moment dans la rubrique \u00ab\u00a0Trouver un donneur de sang\u00a0\u00bb.De m\u00eame, mon adresse doit \u00eatre correctement indiqu\u00e9e (rue, num\u00e9ro, code postal, ville, \u00e9tat\/d\u00e9partement), ainsi que le pays. Dans le cas contraire, le syst\u00e8me d&rsquo;exploitation n&rsquo;est pas en mesure de me localiser.<\/p>\n<\/li>\n<li>\n<p lang=\"de-CH\">Lors de l&rsquo;inscription, apr\u00e8s avoir accept\u00e9 ces conditions g\u00e9n\u00e9rales, je peux choisir d&rsquo;\u00eatre donneur uniquement, receveur uniquement ou les deux (par d\u00e9faut). Tout le monde ne veut pas ou ne peut pas donner son sang (pour des raisons de sant\u00e9), mais tout le monde peut recevoir du sang \u00e0 moins de choisir l&rsquo;option gratuite \u00ab\u00a0donneur uniquement\u00a0\u00bb.<\/p>\n<\/li>\n<li>\n<p lang=\"de-CH\">J&rsquo;accepte les donneurs de sang recommand\u00e9s par SafeBlood Donation et, en retour ( assujetti a des raisons de sant\u00e9), je me mets \u00e0 disposition en tant que donneur de sang si je suis \u00e9galement enregistr\u00e9 en tant que donneur. Si l&rsquo;on fait appel \u00e0 moi pour donner du sang, je me rendrai, si je suis en mesure de le faire, sur le lieu o\u00f9 se trouve le receveur aussi rapidement que possible, dans les limites du possible et du raisonnable. Je ne recevrai aucune compensation pour cela, mais le receveur prendra les frais \u00e0 sa charge.<\/p>\n<\/li>\n<\/ul>\n<\/div>\n<p><input class=\"btn-close closemodale cbutton\" style=\"background: red;\" type=\"button\" value=\"accepter et fermer\" \/><\/p>\n<\/div>\n[\/vc_column_text][\/vc_column][\/vc_row]\n","protected":false},"excerpt":{"rendered":"<p>[vc_row type=\u00a0\u00bbin_container\u00a0\u00bb full_screen_row_position=\u00a0\u00bbmiddle\u00a0\u00bb column_margin=\u00a0\u00bbdefault\u00a0\u00bb column_direction=\u00a0\u00bbdefault\u00a0\u00bb column_direction_tablet=\u00a0\u00bbdefault\u00a0\u00bb column_direction_phone=\u00a0\u00bbdefault\u00a0\u00bb scene_position=\u00a0\u00bbcenter\u00a0\u00bb text_color=\u00a0\u00bbdark\u00a0\u00bb text_align=\u00a0\u00bbleft\u00a0\u00bb row_border_radius=\u00a0\u00bbnone\u00a0\u00bb row_border_radius_applies=\u00a0\u00bbbg\u00a0\u00bb overlay_strength=\u00a0\u00bb0.3&Prime; gradient_direction=\u00a0\u00bbleft_to_right\u00a0\u00bb shape_divider_position=\u00a0\u00bbbottom\u00a0\u00bb bg_image_animation=\u00a0\u00bbnone\u00a0\u00bb][vc_column column_padding=\u00a0\u00bbno-extra-padding\u00a0\u00bb column_padding_tablet=\u00a0\u00bbinherit\u00a0\u00bb column_padding_phone=\u00a0\u00bbinherit\u00a0\u00bb column_padding_position=\u00a0\u00bball\u00a0\u00bb column_element_spacing=\u00a0\u00bbdefault\u00a0\u00bb background_color_opacity=\u00a0\u00bb1&Prime; background_hover_color_opacity=\u00a0\u00bb1&Prime; column_shadow=\u00a0\u00bbnone\u00a0\u00bb column_border_radius=\u00a0\u00bbnone\u00a0\u00bb column_link_target=\u00a0\u00bb_self\u00a0\u00bb gradient_direction=\u00a0\u00bbleft_to_right\u00a0\u00bb overlay_strength=\u00a0\u00bb0.3&Prime; width=\u00a0\u00bb1\/1&Prime; tablet_width_inherit=\u00a0\u00bbdefault\u00a0\u00bb&#8230;<\/p>\n","protected":false},"author":2,"featured_media":0,"parent":0,"menu_order":0,"comment_status":"closed","ping_status":"closed","template":"","meta":[],"_links":{"self":[{"href":"https:\/\/safeblood.nl\/fr\/wp-json\/wp\/v2\/pages\/74294"}],"collection":[{"href":"https:\/\/safeblood.nl\/fr\/wp-json\/wp\/v2\/pages"}],"about":[{"href":"https:\/\/safeblood.nl\/fr\/wp-json\/wp\/v2\/types\/page"}],"author":[{"embeddable":true,"href":"https:\/\/safeblood.nl\/fr\/wp-json\/wp\/v2\/users\/2"}],"replies":[{"embeddable":true,"href":"https:\/\/safeblood.nl\/fr\/wp-json\/wp\/v2\/comments?post=74294"}],"version-history":[{"count":3,"href":"https:\/\/safeblood.nl\/fr\/wp-json\/wp\/v2\/pages\/74294\/revisions"}],"predecessor-version":[{"id":74480,"href":"https:\/\/safeblood.nl\/fr\/wp-json\/wp\/v2\/pages\/74294\/revisions\/74480"}],"wp:attachment":[{"href":"https:\/\/safeblood.nl\/fr\/wp-json\/wp\/v2\/media?parent=74294"}],"curies":[{"name":"wp","href":"https:\/\/api.w.org\/{rel}","templated":true}]}}