{"id":77189,"date":"2024-07-13T11:03:44","date_gmt":"2024-07-13T09:03:44","guid":{"rendered":"https:\/\/safeblood.nl\/?page_id=77189"},"modified":"2024-09-26T12:41:25","modified_gmt":"2024-09-26T10:41:25","slug":"cuidado-preventivo","status":"publish","type":"page","link":"https:\/\/safeblood.nl\/es\/cuidado-preventivo\/","title":{"rendered":"Cuidado preventivo"},"content":{"rendered":"[vc_row type=\u00bbin_container\u00bb full_screen_row_position=\u00bbmiddle\u00bb column_margin=\u00bbdefault\u00bb column_direction=\u00bbdefault\u00bb column_direction_tablet=\u00bbdefault\u00bb column_direction_phone=\u00bbdefault\u00bb scene_position=\u00bbcenter\u00bb text_color=\u00bbdark\u00bb text_align=\u00bbleft\u00bb row_border_radius=\u00bbnone\u00bb row_border_radius_applies=\u00bbbg\u00bb overlay_strength=\u00bb0.3&#8243; gradient_direction=\u00bbleft_to_right\u00bb shape_divider_position=\u00bbbottom\u00bb bg_image_animation=\u00bbnone\u00bb][vc_column column_padding=\u00bbno-extra-padding\u00bb column_padding_tablet=\u00bbinherit\u00bb column_padding_phone=\u00bbinherit\u00bb column_padding_position=\u00bball\u00bb column_element_spacing=\u00bbdefault\u00bb background_color_opacity=\u00bb1&#8243; background_hover_color_opacity=\u00bb1&#8243; column_shadow=\u00bbnone\u00bb column_border_radius=\u00bbnone\u00bb column_link_target=\u00bb_self\u00bb gradient_direction=\u00bbleft_to_right\u00bb overlay_strength=\u00bb0.3&#8243; width=\u00bb1\/1&#8243; tablet_width_inherit=\u00bbdefault\u00bb tablet_text_alignment=\u00bbdefault\u00bb phone_text_alignment=\u00bbdefault\u00bb bg_image_animation=\u00bbnone\u00bb border_type=\u00bbsimple\u00bb column_border_width=\u00bbnone\u00bb column_border_style=\u00bbsolid\u00bb][vc_column_text css=\u00bb.vc_custom_1720860509577{margin-top: -50px !important;}\u00bb]\n<h1 style=\"text-align: center;\">Cuidado preventivo<\/h1>\n[\/vc_column_text][\/vc_column][\/vc_row][vc_row type=\u00bbin_container\u00bb full_screen_row_position=\u00bbmiddle\u00bb column_margin=\u00bbdefault\u00bb column_direction=\u00bbdefault\u00bb column_direction_tablet=\u00bbdefault\u00bb column_direction_phone=\u00bbdefault\u00bb scene_position=\u00bbcenter\u00bb text_color=\u00bbdark\u00bb text_align=\u00bbleft\u00bb row_border_radius=\u00bbnone\u00bb row_border_radius_applies=\u00bbbg\u00bb overlay_strength=\u00bb0.3&#8243; gradient_direction=\u00bbleft_to_right\u00bb shape_divider_position=\u00bbbottom\u00bb bg_image_animation=\u00bbnone\u00bb][vc_column column_padding=\u00bbno-extra-padding\u00bb column_padding_tablet=\u00bbinherit\u00bb column_padding_phone=\u00bbinherit\u00bb column_padding_position=\u00bball\u00bb column_element_spacing=\u00bbdefault\u00bb background_color_opacity=\u00bb1&#8243; background_hover_color_opacity=\u00bb1&#8243; column_shadow=\u00bbnone\u00bb column_border_radius=\u00bbnone\u00bb column_link_target=\u00bb_self\u00bb gradient_direction=\u00bbleft_to_right\u00bb overlay_strength=\u00bb0.3&#8243; width=\u00bb1\/1&#8243; tablet_width_inherit=\u00bbdefault\u00bb tablet_text_alignment=\u00bbdefault\u00bb phone_text_alignment=\u00bbdefault\u00bb bg_image_animation=\u00bbnone\u00bb border_type=\u00bbsimple\u00bb column_border_width=\u00bbnone\u00bb column_border_style=\u00bbsolid\u00bb][vc_column_text css=\u00bb.vc_custom_1727347279346{margin-top: -20px !important;}\u00bb]En esta p\u00e1gina encontrar\u00e1 una recopilaci\u00f3n de <strong>m\u00e9todos de prevenci\u00f3n que pueden utilizarse para mejorar su salud y protegerse de cualquier cosa que pueda da\u00f1ar su salud<\/strong>. Algunas personas nunca se enferman, otras solo se enferman cuando oyen hablar de un virus o algo da\u00f1ino que podr\u00eda cruzarse en su camino. Esto tiene que ver con el estado de su salud general, especialmente su sistema inmunol\u00f3gico.<\/p>\n<h3><strong>\u00bfCu\u00e1les son los mejores m\u00e9todos?<\/strong><\/h3>\n<hr \/>\n<p>Suena trivial: <strong>Llevar un estilo de vida saludable<\/strong>.<\/p>\n<p><strong>Preste atenci\u00f3n a su alimentaci\u00f3n y a todo lo que ingresa a su cuerpo<\/strong>. Los alimentos crudos vegetarianos org\u00e1nicos son te\u00f3ricamente los mejores, pero no todos pueden digerirlos de la misma manera. As\u00ed que solo preste atenci\u00f3n al origen de todo lo que ingresa a su cuerpo: cuanto m\u00e1s natural y org\u00e1nico, mejor. Observe c\u00f3mo le hace sentir la comida. Beba suficiente agua pura.<strong><br \/>\n<\/strong><\/p>\n<p><strong>Cuide su salud mental<\/strong>: Los pensamientos negativos (\u00abpensamientos y sentimientos \u00e1cidos\u00bb) son tan malos como el miedo o cualquier emoci\u00f3n negativa. Cada pensamiento, cada emoci\u00f3n desencadena una reacci\u00f3n bioqu\u00edmica que tiene un efecto positivo o negativo en el cuerpo. El amor ayuda, el odio da\u00f1a no solo su estado mental, sino tambi\u00e9n su sistema inmunol\u00f3gico.<\/p>\n<p><strong>Mueva su cuerpo y su mente<\/strong>. Su cuerpo es un motor que necesita moverse para funcionar sin problemas y sin dolor. Use la higiene espiritual como el Yoga o cualquier actividad similar que mantenga el cuerpo, la mente y el alma en equilibrio.<\/p>\n<p><strong>Apoye su sistema inmunol\u00f3gico<\/strong>. El estado de su sistema inmunol\u00f3gico determina en \u00faltima instancia si los virus, bacterias u otros pat\u00f3genos pueden da\u00f1arle o no. Si su sistema inmunol\u00f3gico funciona bien, ninguno de estos pat\u00f3genos le afectar\u00e1 de ninguna manera; <strong>un sistema inmunol\u00f3gico saludable combatir\u00e1 eficazmente cualquier cosa que no pertenezca a su cuerpo<\/strong>. Desafortunadamente, llevamos un estilo de vida que no es realmente saludable, y vivimos en un entorno que tampoco es saludable para nosotros los humanos. Estamos destruyendo la tierra a un ritmo r\u00e1pido, envenenando el suelo y, por lo tanto, nuestra comida, envenenando el agua y, por lo tanto, nuestro agua potable, utilizando productos qu\u00edmicos en lugar de productos naturales. La industria qu\u00edmica, una vez fundada para apoyar a la humanidad, se ha convertido en la mayor amenaza para nuestra salud en su conjunto. <strong>Cada producto qu\u00edmico<\/strong> se considera un enemigo de nuestro sistema inmunol\u00f3gico porque el h\u00edgado, que es responsable de desintoxicar sustancias da\u00f1inas, pod\u00eda hacer su trabajo hasta que se inventaron los productos qu\u00edmicos. No hay un manual para el h\u00edgado para desintoxicar productos qu\u00edmicos ya que no est\u00e1n en el \u00abprograma\u00bb y eventualmente el h\u00edgado aprender\u00e1 a lidiar con productos qu\u00edmicos (si sobrevivimos), pero eso puede tardar mil a\u00f1os, lo cual ser\u00e1 un poco tarde para nuestra generaci\u00f3n. <strong>As\u00ed que solo apegarse a la naturaleza y todo lo que ofrece<\/strong>.<br \/>\nTenga en cuenta que todo lo que escrib\u00ed anteriormente tambi\u00e9n se aplica a cualquier tipo de medicina qu\u00edmica.<\/p>\n<p>Puede influir en algunos de los factores mencionados, <strong>pero otros no puede realmente influenciarlos<\/strong>, por ejemplo, la emisi\u00f3n de todo tipo de radiaci\u00f3n, especialmente se\u00f1ales inal\u00e1mbricas como tel\u00e9fonos m\u00f3viles o WIFI. Simplemente necesita prepararse lo mejor posible. Dado que probablemente no vive en una jungla remota sin se\u00f1ales, necesita una protecci\u00f3n energ\u00e9tica\/electr\u00f3nica, como los dispositivos\u00a0<a href=\"https:\/\/biophotonic.uk\/\" target=\"_blank\" rel=\"noopener\">BioPhotonic<\/a>. Si vive en una ciudad y enciende el WIFI en su computadora\/tel\u00e9fono, es probable que vea docenas de puntos de acceso disponibles, quiera usarlos o no, y eso es solo la punta visible del iceberg. <strong>No hay escapatoria, as\u00ed que prot\u00e9jase<\/strong>.<\/p>\n<hr \/>\n<p>En resumen:<\/p>\n<h3>1) Protecci\u00f3n contra se\u00f1ales inal\u00e1mbricas y emisiones<\/h3>\n<p><strong>Protecci\u00f3n energ\u00e9tica\/electr\u00f3nica pasiva o activa con dispositivos rusos de <\/strong><a href=\"https:\/\/biophotonic.uk\/shop\/\" target=\"_blank\" rel=\"noopener\"><strong>BioPhotonic<\/strong><\/a>, una empresa en la que confiamos y cuyos dispositivos hemos probado nosotros mismos.<br \/>\nAseg\u00farese de revisar esta p\u00e1gina: <a href=\"https:\/\/safeblood.net\/es\/bioresonancia-biofotonica\/\" target=\"_blank\" rel=\"noopener\">https:\/\/safeblood.net\/es\/bioresonancia-biofotonica\/<\/a>, con c\u00f3digo de descuento para miembros de Safeblood y suscriptores del bolet\u00edn informativo de Safeblood.<br \/>\nLos dispositivos para protecci\u00f3n son: Photonic Wave, Photonic Crystal Square and Photonic Crystal Shield.<\/p>\n<h3>2) Suplementos nutricionales<\/h3>\n<p>Como la calidad de nuestra comida no es suficiente para darle al cuerpo lo que necesita, puede considerar tomar varios suplementos regularmente, por ejemplo:<\/p>\n<p><strong>Suplementos de Omega 3\/6<\/strong> de calidad premium de la empresa noruega <a href=\"https:\/\/safeblood.net\/es\/omega-3-basados-en-pruebas-de-sangre-de-eqology\/\" target=\"_blank\" rel=\"noopener\">Eqology<\/a>.<\/p>\n<h3>3) Encuentre un natur\u00f3pata que pueda apoyarle con un programa hecho a medida<\/h3>\n<p>Es dif\u00edcil saber lo que su cuerpo (y mente) realmente necesita. Idealmente, busque un terapeuta que pueda apoyarle y guiarle mientras usted y sus hijos a\u00fan est\u00e1n saludables. Encuentre un terapeuta\u00a0<a href=\"https:\/\/safeblood.net\/es\/encontrar-una-instalacion-medica\/\" target=\"_blank\" rel=\"noopener\">en nuestra p\u00e1gina<\/a> o si conoce a uno que no est\u00e1 en la lista, por favor d\u00edgales que se registren.<\/p>\n<h3>4) No obtenga su informaci\u00f3n de los medios de comunicaci\u00f3n convencionales<\/h3>\n<p>Desde la pandemia, lamentablemente hemos notado cada vez m\u00e1s que todos los medios de comunicaci\u00f3n establecidos son, por decirlo suavemente, bastante sesgados. En otras palabras: <strong>le est\u00e1n mintiendo descaradamente<\/strong>. Todos estos medios han sido fuertemente financiados por Big Pharma y grupos similares durante este tiempo, y como resultado simplemente se han convertido en portavoces de gobiernos y grandes corporaciones. Los d\u00edas en que sol\u00edamos ver las noticias en la principal estaci\u00f3n de televisi\u00f3n a las 7:30 p.m. y est\u00e1bamos razonablemente bien informados lamentablemente han terminado. Los buenos medios son todos nuevos y han surgido en los \u00faltimos 4 a\u00f1os, y principalmente transmiten en Internet. En nuestra p\u00e1gina de enlaces encontrar\u00e1 los medios que a\u00fan informan de manera independiente y cr\u00edtica. Despl\u00e1cese hacia abajo hasta \u00abMedios\u00bb. Telegram y canales similares tambi\u00e9n son una buena alternativa.<\/p>\n<hr \/>\n<p><strong>\u00bfConoce otro m\u00e9todo de prevenci\u00f3n del que a\u00fan no estamos al tanto? Por favor env\u00edenos un <a href=\"mailto:george@safeblood.net\" target=\"_blank\" rel=\"noopener\">correo electr\u00f3nico<\/a>.<\/strong><\/p>\n<p class=\"p1\"><b>AVISO LEGAL:<\/b><\/p>\n<p class=\"p1\"><b>SAFE BLOOD DONATION NO PROPORCIONA CONSEJOS M\u00c9DICOS.<\/b><\/p>\n<p class=\"p1\">La informaci\u00f3n, incluyendo pero no limit\u00e1ndose a, texto, gr\u00e1ficos, im\u00e1genes y otros materiales publicados o transmitidos por Safe Blood Donation y sus afiliados, directores, funcionarios, gerentes, empleados u otros representantes, es solo para fines informativos. Ning\u00fan material est\u00e1 destinado a ser un sustituto del consejo, diagn\u00f3stico o tratamiento m\u00e9dico profesional. Siempre busque el consejo de su proveedor de atenci\u00f3n m\u00e9dica de confianza con cualquier pregunta que pueda tener con respecto a una condici\u00f3n m\u00e9dica o tratamiento y antes de iniciar un nuevo r\u00e9gimen de atenci\u00f3n m\u00e9dica, y nunca ignore el consejo m\u00e9dico profesional ni retrase su b\u00fasqueda debido a algo que haya le\u00eddo o visto en cualquier publicaci\u00f3n o transmisi\u00f3n de Safe Blood Donation.<\/p>\n[\/vc_column_text][\/vc_column][\/vc_row]\n","protected":false},"excerpt":{"rendered":"<p>[vc_row type=\u00bbin_container\u00bb full_screen_row_position=\u00bbmiddle\u00bb column_margin=\u00bbdefault\u00bb column_direction=\u00bbdefault\u00bb column_direction_tablet=\u00bbdefault\u00bb column_direction_phone=\u00bbdefault\u00bb scene_position=\u00bbcenter\u00bb text_color=\u00bbdark\u00bb text_align=\u00bbleft\u00bb row_border_radius=\u00bbnone\u00bb row_border_radius_applies=\u00bbbg\u00bb overlay_strength=\u00bb0.3&#8243; gradient_direction=\u00bbleft_to_right\u00bb shape_divider_position=\u00bbbottom\u00bb bg_image_animation=\u00bbnone\u00bb][vc_column column_padding=\u00bbno-extra-padding\u00bb column_padding_tablet=\u00bbinherit\u00bb column_padding_phone=\u00bbinherit\u00bb column_padding_position=\u00bball\u00bb column_element_spacing=\u00bbdefault\u00bb background_color_opacity=\u00bb1&#8243; background_hover_color_opacity=\u00bb1&#8243; column_shadow=\u00bbnone\u00bb column_border_radius=\u00bbnone\u00bb column_link_target=\u00bb_self\u00bb gradient_direction=\u00bbleft_to_right\u00bb overlay_strength=\u00bb0.3&#8243; width=\u00bb1\/1&#8243; tablet_width_inherit=\u00bbdefault\u00bb&#8230;<\/p>\n","protected":false},"author":2,"featured_media":0,"parent":0,"menu_order":0,"comment_status":"closed","ping_status":"closed","template":"","meta":[],"_links":{"self":[{"href":"https:\/\/safeblood.nl\/es\/wp-json\/wp\/v2\/pages\/77189"}],"collection":[{"href":"https:\/\/safeblood.nl\/es\/wp-json\/wp\/v2\/pages"}],"about":[{"href":"https:\/\/safeblood.nl\/es\/wp-json\/wp\/v2\/types\/page"}],"author":[{"embeddable":true,"href":"https:\/\/safeblood.nl\/es\/wp-json\/wp\/v2\/users\/2"}],"replies":[{"embeddable":true,"href":"https:\/\/safeblood.nl\/es\/wp-json\/wp\/v2\/comments?post=77189"}],"version-history":[{"count":5,"href":"https:\/\/safeblood.nl\/es\/wp-json\/wp\/v2\/pages\/77189\/revisions"}],"predecessor-version":[{"id":78204,"href":"https:\/\/safeblood.nl\/es\/wp-json\/wp\/v2\/pages\/77189\/revisions\/78204"}],"wp:attachment":[{"href":"https:\/\/safeblood.nl\/es\/wp-json\/wp\/v2\/media?parent=77189"}],"curies":[{"name":"wp","href":"https:\/\/api.w.org\/{rel}","templated":true}]}}