{"id":75775,"date":"2024-05-06T15:58:56","date_gmt":"2024-05-06T13:58:56","guid":{"rendered":"https:\/\/safeblood.nl\/?page_id=75775"},"modified":"2024-05-06T16:08:19","modified_gmt":"2024-05-06T14:08:19","slug":"apoyanos","status":"publish","type":"page","link":"https:\/\/safeblood.nl\/es\/apoyanos\/","title":{"rendered":"Ap\u00f3yanos"},"content":{"rendered":"[vc_row type=\u00bbin_container\u00bb full_screen_row_position=\u00bbmiddle\u00bb column_margin=\u00bbdefault\u00bb column_direction=\u00bbdefault\u00bb column_direction_tablet=\u00bbdefault\u00bb column_direction_phone=\u00bbdefault\u00bb scene_position=\u00bbcenter\u00bb text_color=\u00bbdark\u00bb text_align=\u00bbleft\u00bb row_border_radius=\u00bbnone\u00bb row_border_radius_applies=\u00bbbg\u00bb overlay_strength=\u00bb0.3&#8243; gradient_direction=\u00bbleft_to_right\u00bb shape_divider_position=\u00bbbottom\u00bb bg_image_animation=\u00bbnone\u00bb][vc_column column_padding=\u00bbno-extra-padding\u00bb column_padding_tablet=\u00bbinherit\u00bb column_padding_phone=\u00bbinherit\u00bb column_padding_position=\u00bball\u00bb column_element_spacing=\u00bbdefault\u00bb background_color_opacity=\u00bb1&#8243; background_hover_color_opacity=\u00bb1&#8243; column_shadow=\u00bbnone\u00bb column_border_radius=\u00bbnone\u00bb column_link_target=\u00bb_self\u00bb gradient_direction=\u00bbleft_to_right\u00bb overlay_strength=\u00bb0.3&#8243; width=\u00bb1\/6&#8243; tablet_width_inherit=\u00bbdefault\u00bb tablet_text_alignment=\u00bbdefault\u00bb phone_text_alignment=\u00bbdefault\u00bb bg_image_animation=\u00bbnone\u00bb border_type=\u00bbsimple\u00bb column_border_width=\u00bbnone\u00bb column_border_style=\u00bbsolid\u00bb][\/vc_column][vc_column column_padding=\u00bbno-extra-padding\u00bb column_padding_tablet=\u00bbinherit\u00bb column_padding_phone=\u00bbinherit\u00bb column_padding_position=\u00bball\u00bb column_element_spacing=\u00bbdefault\u00bb background_color_opacity=\u00bb1&#8243; background_hover_color_opacity=\u00bb1&#8243; column_shadow=\u00bbnone\u00bb column_border_radius=\u00bbnone\u00bb column_link_target=\u00bb_self\u00bb gradient_direction=\u00bbleft_to_right\u00bb overlay_strength=\u00bb0.3&#8243; width=\u00bb2\/3&#8243; tablet_width_inherit=\u00bbdefault\u00bb tablet_text_alignment=\u00bbdefault\u00bb phone_text_alignment=\u00bbdefault\u00bb bg_image_animation=\u00bbnone\u00bb border_type=\u00bbsimple\u00bb column_border_width=\u00bbnone\u00bb column_border_style=\u00bbsolid\u00bb][vc_column_text]\t<div class=\"asp_product_item\">\n\t\t<div class=\"asp_product_item_top\">\n\t\t<div class=\"asp_product_item_thumbnail\">\n\t\t\t\n\t\t<\/div>\n\t\t<div class=\"asp_product_name\">\n\t\t\tApoyo a la Donaci\u00f3n de Sangre de SafeBlood\n\t\t<\/div>\n\t\t<\/div>\n\t\t<div style=\"clear:both;\"><\/div>\n\t\t<div class=\"asp_product_description\">\n\t\t<p>Somos una asociaci\u00f3n ben\u00e9fica, es decir, sin fines de lucro. Nuestro \u00fanico objetivo es hacer posible que cada persona tenga la libre elecci\u00f3n del origen y tipo de sangre del donante. Siempre y en todas partes.<\/p>\n<p>Gracias por contribuir a esto con tu donaci\u00f3n; sin tu ayuda no podemos lograrlo.<\/p>\n<hr \/>\n<p><span style=\"color: #ff0000;\"><strong>TARJETA DE CR\u00c9DITO:<br \/>\n<\/strong><\/span>Para transferencias con tarjeta de cr\u00e9dito, despl\u00e1zate hacia abajo y presiona <span style=\"color: #ff0000;\">el bot\u00f3n rojo de Pago con Tarjeta de Cr\u00e9dito<\/span>.<\/p>\n<hr \/>\n<p><span style=\"color: #ff0000;\"><strong>TRANSFERENCIA BANCARIA \/ CHF<\/strong>:<br \/>\n<\/span>Nuestra cuenta en Post Finance para transferencias en CHF es<\/p>\n<p><strong>CH96 0900 0000 1586 7596 5<br \/>\n<\/strong>SafeBlood, Ankenweid 29, 8041 Z\u00farich<\/p>\n<p>Para pagos desde el extranjero, tambi\u00e9n necesitas lo siguiente<\/p>\n<p>C\u00f3digo BIC (SWIFT): :\u00a0\u00a0 POFICHBEXXX<br \/>\nNombre del banco: PostFinance AG, Mingerstrasse 20, CH-3030 Berna, Suiza<\/p>\n<p><a href=\"https:\/\/safeblood.nl\/wp-content\/uploads\/2024\/02\/QR-code-postfinance.jpg\"><img class=\"alignleft size-thumbnail wp-image-73974\" src=\"https:\/\/safeblood.nl\/wp-content\/uploads\/2024\/02\/QR-code-postfinance-150x150.jpg\" alt=\"\" width=\"150\" height=\"150\" \/><\/a><\/p>\n<p>Para pagos a la cuenta postal, por favor indica el prop\u00f3sito de tu pago: Donaci\u00f3n<\/p>\n<hr \/>\n<p><span style=\"color: #ff0000;\"><strong>TRANSFERENCIA BANCARIA \/ EURO (\u20ac)<\/strong>:<br \/>\n<\/span>Nuestra cuenta en Post Finance para transferencias en EURO es<\/p>\n<p><strong>CH54 0900 0000 1686 2698 1<br \/>\n<\/strong>SafeBlood, Ankenweid 29, 8041 Z\u00farich<\/p>\n<p>Para pagos desde el extranjero, tambi\u00e9n necesitas lo siguiente<\/p>\n<p>C\u00f3digo BIC (SWIFT): :\u00a0\u00a0 POFICHBEXXX<br \/>\nNombre del banco: PostFinance AG, Mingerstrasse 20, CH-3030 Berna, Suiza<\/p>\n<p><a href=\"https:\/\/safeblood.nl\/wp-content\/uploads\/2026\/04\/QR-code-postfinance-eurokonto.jpg\"><img class=\"wp-image-82075 size-thumbnail alignleft\" src=\"https:\/\/safeblood.nl\/wp-content\/uploads\/2026\/04\/QR-code-postfinance-eurokonto-150x150.jpg\" alt=\"\" width=\"150\" height=\"150\" \/><\/a><\/p>\n<p>Para pagos a la cuenta postal, por favor indica el prop\u00f3sito de tu pago: Donaci\u00f3n<\/p>\n<hr \/>\n<p><span style=\"color: #ff0000;\"><strong>PAYPAL:<br \/>\n<\/strong><\/span>Para transferir con PayPal haz clic en el bot\u00f3n \"Donar\" o escanea el c\u00f3digo QR con la app de Paypal:<\/p>\n<div >\n<form target='_blank' action='https:\/\/www.paypal.com\/cgi-bin\/webscr' method='post'><input type='hidden' name='cmd' value='_donations' \/><input type='hidden' name='business' value='george@safeblood.net' \/><input type='hidden' name='item_name' value='Donaci\u00f3n' \/><input type='hidden' name='item_number' value='' \/><input type='hidden' name='currency_code' value='EUR' \/><input type='hidden' name='amount' id='amount_4169fbed1c0d16589b76e0b4ac4fd656' value='' \/><input type='hidden' name='no_note' value='0'><input type='hidden' name='no_shipping' value='1'><input type='hidden' name='notify_url' value='https:\/\/safeblood.nl\/wp-admin\/admin-post.php?action=add_wpedon_button_ipn'><input type='hidden' name='lc' value='es_ES'><input type='hidden' name='bn' value='WPPlugin_SP'><input type='hidden' name='return' value='' \/><input type='hidden' name='cancel_return' value='' \/><input class='wpedon_paypalbuttonimage' type='image' src='https:\/\/www.paypal.com\/es_ES\/ES\/i\/btn\/btn_donate_LG.gif' border='0' name='submit' alt='Make your payments with PayPal. It is free, secure, effective.' style='border: none;'><img alt='' border='0' style='border:none;display:none;' src='https:\/\/www.paypal.com\/es_ES\/i\/scr\/pixel.gif' width='1' height='1'><\/form>\n<\/div>\n<p><a href=\"https:\/\/safeblood.nl\/wp-content\/uploads\/2025\/07\/qrcode.png\"><img class=\"alignleft wp-image-80100\" src=\"https:\/\/safeblood.nl\/wp-content\/uploads\/2025\/07\/qrcode-150x150.png\" alt=\"\" width=\"206\" height=\"206\" \/><\/a><\/p>\n<hr \/>\n<p><span style=\"color: #ff0000;\"><strong>BITCOIN:<br \/>\n<\/strong><\/span>Nuestra direcci\u00f3n para transferencias de Bitcoin es:<\/p>\n<p><img class=\"alignleft wp-image-69880\" src=\"https:\/\/safeblood.nl\/wp-content\/uploads\/2023\/04\/download.png\" alt=\"\" width=\"207\" height=\"207\" \/><\/p>\n<p><strong>bc1q786u8x2mhu03utewejpq45tnjrqck3shvpn7le<\/strong><\/p>\n<p>Para pagos con Bitcoin, por favor env\u00edanos un <a href=\"mailto:george@dellapietra.net\" target=\"_blank\" rel=\"noopener\">correo electr\u00f3nico<\/a> aqu\u00ed con la cantidad, fecha, tu nombre y el motivo del pago.<\/p>\n<hr \/>\n<p><span style=\"color: #ff0000;\"><strong>UNVAXCOIN:<br \/>\n<\/strong><\/span>Nuestra direcci\u00f3n para transferencias de UNVAXCOIN es:<\/p>\n<p><a href=\"https:\/\/safeblood.nl\/wp-content\/uploads\/2023\/07\/sbqr1.png\"><img class=\"alignleft wp-image-71118\" src=\"https:\/\/safeblood.nl\/wp-content\/uploads\/2023\/07\/sbqr1-150x150.png\" alt=\"\" width=\"208\" height=\"207\" \/><\/a><\/p>\n<p class=\"p1\"><b>rM43qVSpPGsyJjzonFmWWAuDPSz3s2tKUx<br \/>\n<\/b><br \/>\nPara pagos con Unvaxcoin, por favor env\u00edanos un <a href=\"mailto:george@dellapietra.net\" target=\"_blank\" rel=\"noopener\">correo electr\u00f3nico<\/a> aqu\u00ed con la cantidad, fecha, tu nombre y el motivo del pago.<\/p>\n<hr \/>\n<p><span style=\"color: #ff0000;\"><strong>TARJETA DE CR\u00c9DITO:<br \/>\n<\/strong><\/span>Alternativamente, como se mencion\u00f3, por supuesto que tambi\u00e9n puedes pagar con tarjeta de cr\u00e9dito en cualquier moneda utilizando el bot\u00f3n <strong>aqu\u00ed abajo<\/strong>.<\/p>\n\n\t\t<\/div>\n\t\t<div class=\"asp_price_container\">\n\t\t<span class=\"asp_price_amount\"><\/span> <span class=\"asp_new_price_amount\"><\/span> <span class=\"asp_quantity\"><\/span>\n\t\t<div class=\"asp_under_price_line\"><\/div>\n\t\t<\/div>\n\t\t<div class=\"asp_product_buy_button\">\n\t\t<div class=\"asp-processing-cont\" style=\"display:none;\"><span class=\"asp-processing\">Processing <i>.<\/i><i>.<\/i><i>.<\/i><\/span><\/div><form id = 'asp_ng_form_069e2024ed2ddc' class='asp-stripe-form' action = '' METHOD = 'POST'> <input type='hidden' name='asp_product_id' value='75777' \/><div class=\"asp-child-hidden-fields\" style=\"display: none !important;\"><\/div><\/form><div id=\"asp-all-buttons-container-069e2024ed2ddc\" class=\"asp_all_buttons_container\"><div class=\"asp_product_buy_btn_container\"><button id=\"asp_ng_button_069e2024ed2ddc\" type=\"submit\" class=\"credit-card-donation-button\"><span>Donar con tarjeta de cr\u00e9dito<\/span><\/button><\/div><noscript>Para poder operar, Stripe Payments necesita que el navegador sea compatible con JavaScript.<\/noscript><\/div><div id=\"asp-btn-spinner-container-069e2024ed2ddc\" class=\"asp-btn-spinner-container\" style=\"display: none !important\"><div class=\"asp-btn-spinner\"><div><\/div><div><\/div><div><\/div><div><\/div><\/div><\/div><script>var asp_data_069e2024ed2ddc = {\"is_live\":true,\"product_id\":\"75777\",\"iframe_url\":\"https:\\\/\\\/safeblood.nl\\\/es\\\/asp-payment-box\\\/?product_id=75777\",\"button_key\":\"5990e13cbb62e6fef0d79d73537b1c61\",\"item_price\":0,\"quantity\":1,\"custom_quantity\":\"\",\"description\":\"\",\"descrGenerated\":false,\"shipping\":0,\"tax\":0,\"image\":\"\",\"currency\":\"CHF\",\"currency_variable\":\"1\",\"locale\":\"auto\",\"name\":\"Apoyo a la Donaci\\u00f3n de Sangre de SafeBlood\",\"url\":\"\",\"amount\":0,\"billingAddress\":false,\"shippingAddress\":false,\"customer_email\":\"\",\"uniq_id\":\"069e2024ed2ddc\",\"variable\":true,\"zeroCents\":[\"JPY\",\"MGA\",\"VND\",\"KRW\"],\"addonHooks\":[\"recaptcha\"],\"button_text\":\"Donar con tarjeta de cr\\u00e9dito\",\"out_of_stock\":false,\"stock_control_enabled\":false,\"stock_items\":0,\"currencyFormat\":{\"c\":2,\"d\":\".\",\"t\":\",\",\"s\":\"CHF\",\"pos\":\"left\"},\"displayStr\":{\"tax\":\"%s (impuesto)\",\"ship\":\"%s (env\\u00edo)\"},\"thankyou_page_url\":\"\",\"show_custom_amount_input\":false,\"recaptchaSiteKey\":\"6LfNlfEgAAAAAJCVtvZhjFEaSnxftRmKtPbnUBRs\",\"recaptchaInvisible\":0};if(typeof jQuery!==\"undefined\") {jQuery(document).ready(function() {new stripeHandlerNG(asp_data_069e2024ed2ddc);});} else { if (typeof wpaspInitOnDocReady===\"undefined\") {var wpaspInitOnDocReady=[];} wpaspInitOnDocReady.push(asp_data_069e2024ed2ddc);}<\/script>\n\t\t<\/div>\n\t<\/div>\n\t[\/vc_column_text][\/vc_column][vc_column column_padding=\u00bbno-extra-padding\u00bb column_padding_tablet=\u00bbinherit\u00bb column_padding_phone=\u00bbinherit\u00bb column_padding_position=\u00bball\u00bb column_element_spacing=\u00bbdefault\u00bb background_color_opacity=\u00bb1&#8243; background_hover_color_opacity=\u00bb1&#8243; column_shadow=\u00bbnone\u00bb column_border_radius=\u00bbnone\u00bb column_link_target=\u00bb_self\u00bb gradient_direction=\u00bbleft_to_right\u00bb overlay_strength=\u00bb0.3&#8243; width=\u00bb1\/6&#8243; tablet_width_inherit=\u00bbdefault\u00bb tablet_text_alignment=\u00bbdefault\u00bb phone_text_alignment=\u00bbdefault\u00bb bg_image_animation=\u00bbnone\u00bb border_type=\u00bbsimple\u00bb column_border_width=\u00bbnone\u00bb column_border_style=\u00bbsolid\u00bb][\/vc_column][\/vc_row]\n","protected":false},"excerpt":{"rendered":"<p>Apoyo a la Donaci\u00f3n de Sangre de SafeBlood Somos una asociaci\u00f3n ben\u00e9fica, es decir, sin fines de lucro. Nuestro \u00fanico objetivo es hacer posible que cada persona tenga la libre&#8230;<\/p>\n","protected":false},"author":2,"featured_media":0,"parent":0,"menu_order":0,"comment_status":"closed","ping_status":"closed","template":"","meta":[],"_links":{"self":[{"href":"https:\/\/safeblood.nl\/es\/wp-json\/wp\/v2\/pages\/75775"}],"collection":[{"href":"https:\/\/safeblood.nl\/es\/wp-json\/wp\/v2\/pages"}],"about":[{"href":"https:\/\/safeblood.nl\/es\/wp-json\/wp\/v2\/types\/page"}],"author":[{"embeddable":true,"href":"https:\/\/safeblood.nl\/es\/wp-json\/wp\/v2\/users\/2"}],"replies":[{"embeddable":true,"href":"https:\/\/safeblood.nl\/es\/wp-json\/wp\/v2\/comments?post=75775"}],"version-history":[{"count":2,"href":"https:\/\/safeblood.nl\/es\/wp-json\/wp\/v2\/pages\/75775\/revisions"}],"predecessor-version":[{"id":75778,"href":"https:\/\/safeblood.nl\/es\/wp-json\/wp\/v2\/pages\/75775\/revisions\/75778"}],"wp:attachment":[{"href":"https:\/\/safeblood.nl\/es\/wp-json\/wp\/v2\/media?parent=75775"}],"curies":[{"name":"wp","href":"https:\/\/api.w.org\/{rel}","templated":true}]}}